{"id":16245,"date":"2020-09-23T18:44:39","date_gmt":"2020-09-23T16:44:39","guid":{"rendered":"https:\/\/faemclm.es\/feriaxxv\/?page_id=16245"},"modified":"2021-10-07T13:08:54","modified_gmt":"2021-10-07T11:08:54","slug":"feria","status":"publish","type":"page","link":"https:\/\/faemclm.es\/feriaxxv\/feria\/","title":{"rendered":"Feria"},"content":{"rendered":"<div class=\"wpb-content-wrapper\"><p>[vc_row][vc_column][vc_column_text]<a href=\"https:\/\/faemclm.es\/feriaxxv\/wp-content\/uploads\/2021\/09\/Cartel-XXV-FAEM_2021.jpg\"><img loading=\"lazy\" decoding=\"async\" class=\"alignleft wp-image-18040\" src=\"https:\/\/faemclm.es\/feriaxxv\/wp-content\/uploads\/2021\/09\/Cartel-XXV-FAEM_2021-731x1024.jpg\" alt=\"\" width=\"429\" height=\"600\" srcset=\"https:\/\/faemclm.es\/feriaxxv\/wp-content\/uploads\/2021\/09\/Cartel-XXV-FAEM_2021-731x1024.jpg 731w, https:\/\/faemclm.es\/feriaxxv\/wp-content\/uploads\/2021\/09\/Cartel-XXV-FAEM_2021-214x300.jpg 214w, https:\/\/faemclm.es\/feriaxxv\/wp-content\/uploads\/2021\/09\/Cartel-XXV-FAEM_2021-768x1075.jpg 768w, https:\/\/faemclm.es\/feriaxxv\/wp-content\/uploads\/2021\/09\/Cartel-XXV-FAEM_2021-1097x1536.jpg 1097w, https:\/\/faemclm.es\/feriaxxv\/wp-content\/uploads\/2021\/09\/Cartel-XXV-FAEM_2021.jpg 1417w\" sizes=\"auto, (max-width: 429px) 100vw, 429px\" \/><\/a><\/p>\n<p>&nbsp;<\/p>\n<div class=\"\" style=\"text-align: justify;\">\n<p><span style=\"font-size: 14px;\">Cualquier acto relacionado con las artes vivas tiene un valor excepcional ya que es el arte que m\u00e1s se parece al ser humano por su efimeridad. Tiene un impacto sobre la sociedad directo ya que el hecho teatral, su ritual, conecta en lo m\u00e1s profundo de nuestra emoci\u00f3n como animales sociales haciendo crecer la empat\u00eda, sentimiento esencial para la creaci\u00f3n y sustentaci\u00f3n de una democracia saludable.<\/span><\/p>\n<p><span style=\"font-size: 14px;\">Partiendo de esta reflexi\u00f3n, la feria de las AAEE que se celebra en nuestra regi\u00f3n con car\u00e1cter nacional intenta aunar las \u00faltimas creaciones art\u00edsticas que captan el pulso del mundo que nos rodea, actuando como cronistas de la actualidad.<\/span><\/p>\n<p><span style=\"font-size: 14px;\">La feria es el escaparate donde todas las regiones tienen un encuentro para fomentar el intercambio cultural captando como sentimos y percibimos la realidad seg\u00fan nuestras ra\u00edces y cultura.<\/span><\/p>\n<p><span style=\"font-size: 14px;\">La feria es la mejor herramienta como vaso comunicante de las artes esc\u00e9nicas, nos enriquece como sociedad ya que de estas muestras saldr\u00e1 lo que somos, donde nos encontramos y hacia donde nos dirigimos.<\/span><\/p>\n<p><span style=\"font-size: 14px;\">Por supuesto, tenemos que destacar la ventaja que supone para el sector una feria y el hecho de que profesionales de toda Espa\u00f1a vean los trabajos seleccionados, ya que agiliza la finalidad de cerrar una gira y la divulgaci\u00f3n de las compa\u00f1\u00edas siendo la feria un catalizador para gestores, distribuidores y productoras ya que la finalidad \u00faltima es sustentar el mercado de las artes esc\u00e9nicas.<\/span><\/p>\n<p><span style=\"font-size: 14px;\">Ser\u00e1n 34 las funciones que nos llevan desde lo familiar a la juventud, la ciencia, la experiencia, lo comercial, lo popular y lo transgresor y atrevido, una programaci\u00f3n multicolor para todos los gustos y p\u00fablicos donde seguro los gestores podr\u00e1n escogen en este amplio espectro de propuestas su programaci\u00f3n para la temporada que viene.<\/span><\/p>\n<\/div>\n<p>[\/vc_column_text][\/vc_column][\/vc_row][vc_row][vc_column][vc_empty_space][\/vc_column][\/vc_row]<\/p>\n<\/div>","protected":false},"excerpt":{"rendered":"<p>[vc_row][vc_column][vc_column_text] &nbsp; Cualquier acto relacionado con las artes vivas tiene un valor excepcional ya que es el arte que m\u00e1s se parece [&hellip;]<\/p>\n","protected":false},"author":1,"featured_media":0,"parent":0,"menu_order":0,"comment_status":"closed","ping_status":"closed","template":"","meta":{"footnotes":""},"class_list":["post-16245","page","type-page","status-publish","hentry"],"_links":{"self":[{"href":"https:\/\/faemclm.es\/feriaxxv\/wp-json\/wp\/v2\/pages\/16245","targetHints":{"allow":["GET"]}}],"collection":[{"href":"https:\/\/faemclm.es\/feriaxxv\/wp-json\/wp\/v2\/pages"}],"about":[{"href":"https:\/\/faemclm.es\/feriaxxv\/wp-json\/wp\/v2\/types\/page"}],"author":[{"embeddable":true,"href":"https:\/\/faemclm.es\/feriaxxv\/wp-json\/wp\/v2\/users\/1"}],"replies":[{"embeddable":true,"href":"https:\/\/faemclm.es\/feriaxxv\/wp-json\/wp\/v2\/comments?post=16245"}],"version-history":[{"count":0,"href":"https:\/\/faemclm.es\/feriaxxv\/wp-json\/wp\/v2\/pages\/16245\/revisions"}],"wp:attachment":[{"href":"https:\/\/faemclm.es\/feriaxxv\/wp-json\/wp\/v2\/media?parent=16245"}],"curies":[{"name":"wp","href":"https:\/\/api.w.org\/{rel}","templated":true}]}}