{"id":16684,"date":"2020-10-07T09:45:52","date_gmt":"2020-10-07T07:45:52","guid":{"rendered":"https:\/\/faemclm.es\/feriaxxv\/?page_id=16684"},"modified":"2021-09-15T21:40:59","modified_gmt":"2021-09-15T19:40:59","slug":"politica-de-cookies","status":"publish","type":"page","link":"https:\/\/faemclm.es\/feriaxxv\/politica-de-cookies\/","title":{"rendered":"Pol\u00edtica de Cookies"},"content":{"rendered":"<ol>\n<li><strong>Informaci\u00f3n general<\/strong><\/li>\n<\/ol>\n<p>Este Sitio Web utiliza cookies con el objetivo de optimizar la experiencia del usuario y garantizar la navegabilidad y prestaci\u00f3n de los servicios interactivos que integramos en nuestro Sitio Web.<\/p>\n<p>Una cookie es un peque\u00f1o fichero inform\u00e1tico que se descarga en el dispositivo del usuario al acceder a determinadas p\u00e1ginas web, sin que exista posibilidad de que este tipo de ficheros da\u00f1en al dispositivo donde queden guardados.<\/p>\n<p>La informaci\u00f3n que a continuaci\u00f3n te proporcionamos te permitir\u00e1 comprender los distintos tipos de cookies que existen y empleamos.<\/p>\n<p>&nbsp;<\/p>\n<ol start=\"2\">\n<li><strong>Tipolog\u00eda de cookies existentes<\/strong><\/li>\n<\/ol>\n<ol style=\"list-style-type: lower-roman;\">\n<li><u>Cookies seg\u00fan la entidad que las gestiona<\/u>:<\/li>\n<\/ol>\n<ul>\n<li>Cookies propias: aquellas que se env\u00edan al equipo terminal del usuario desde un equipo o dominio gestionado por el propio prestador del servicio de la sociedad de la informaci\u00f3n.<\/li>\n<li>Cookies de terceros: aquellas que se env\u00edan al equipo terminal del usuario desde un equipo o dominio no gestionado por el propio prestador del servicio de la sociedad de la informaci\u00f3n.<\/li>\n<\/ul>\n<ol style=\"list-style-type: lower-roman;\" start=\"2\">\n<li><u>Cookies seg\u00fan el tiempo que est\u00e1n activas<\/u>:<\/li>\n<\/ol>\n<ul>\n<li>Cookies de sesi\u00f3n: recaban y almacenan datos en tanto el usuario permanezca en el Sitio Web, es decir, \u00fanicamente mientras sea necesario para prestar el servicio solicitado.<\/li>\n<li>Cookies persistentes: permanecen almacenadas en el terminal y el Sitio Web puede acceder a ellas hasta la fecha de expiraci\u00f3n definida por el prestador de servicios de sociedad de la informaci\u00f3n.<\/li>\n<\/ul>\n<ol style=\"list-style-type: lower-roman;\" start=\"3\">\n<li><u>Cookies seg\u00fan su finalidad<\/u>:<\/li>\n<\/ol>\n<ul>\n<li>Cookies t\u00e9cnicas y funcionales: permiten la navegaci\u00f3n por el Sitio Web y la utilizaci\u00f3n de las distintas opciones o servicios que se ofrecen a trav\u00e9s de \u00e9ste. Estas cookies son necesarias para garantizar el correcto funcionamiento del Sitio Web.<\/li>\n<li>Cookies de personalizaci\u00f3n: permiten al usuario acceder al servicio con algunas caracter\u00edsticas predefinidas, como pueden ser el idioma, el tipo de navegador, o la configuraci\u00f3n regional del equipo.<\/li>\n<li>Cookies de an\u00e1lisis: permiten hacer seguimiento y an\u00e1lisis del comportamiento de los usuarios que visitan el Sitio Web, as\u00ed como una medici\u00f3n de la actividad dentro del mismo, con el prop\u00f3sito de introducir mejoras.<\/li>\n<li>Cookies publicitarias y comportamentales: recogen informaci\u00f3n sobre las preferencias y elecciones personales del usuario a trav\u00e9s de una observaci\u00f3n continuada de sus h\u00e1bitos de navegaci\u00f3n, permitiendo el desarrollo de un perfil espec\u00edfico.<\/li>\n<\/ul>\n<p>&nbsp;<\/p>\n<ol start=\"3\">\n<li><strong>Cookies que se utilizan en este Sitio Web<\/strong><\/li>\n<\/ol>\n<p>Este Sitio Web \u00fanicamente emplea cookies t\u00e9cnicas y funcionales para garantizar el correcto funcionamiento del Sitio Web. La desactivaci\u00f3n de las cookies puede afectar a la funcionalidad del Sitio Web.<\/p>\n<table style=\"width: 96.9175%;\">\n<tbody>\n<tr>\n<td style=\"width: 205.551%; text-align: center;\" colspan=\"3\" width=\"574\"><strong>COOKIES\u00a0 PROPIAS<\/strong><\/td>\n<\/tr>\n<tr>\n<td style=\"width: 26.9984%; text-align: center;\" width=\"208\"><strong>Nombre de la cookie<\/strong><\/td>\n<td style=\"width: 57.7351%; text-align: center;\" width=\"246\"><strong>Finalidad<\/strong><\/td>\n<td style=\"width: 120.818%; text-align: center;\" width=\"121\"><strong>Caducidad<\/strong><\/td>\n<\/tr>\n<tr>\n<td style=\"width: 26.9984%;\" width=\"208\">wordpress_sec_<\/td>\n<td style=\"width: 57.7351%;\" width=\"246\">Cookie funcional utilizada por WordPress para mantener la sesi\u00f3n de un usuario registrado. Para m\u00e1s informaci\u00f3n, consulte la p\u00e1gina de Cookies de WordPress.<\/td>\n<td style=\"width: 120.818%;\" width=\"121\">Sesi\u00f3n<\/td>\n<\/tr>\n<tr>\n<td style=\"width: 26.9984%;\" width=\"208\">wordpress_logged_in_<\/td>\n<td style=\"width: 57.7351%;\" width=\"246\">Cookie funcional utilizada por WordPress para identificar al usuario que inicia sesi\u00f3n. Para m\u00e1s informaci\u00f3n, consulte la p\u00e1gina de Cookies de WordPress.<\/td>\n<td style=\"width: 120.818%;\" width=\"121\">Sesi\u00f3n<\/td>\n<\/tr>\n<tr>\n<td style=\"width: 26.9984%;\" width=\"208\">cookielawinfo-checkbox-necessary<\/td>\n<td style=\"width: 57.7351%;\" width=\"246\">Cookie funcional utilizada por GDPR Cookie Consent Plugin para almacenar el consentimiento del usuario para las cookies en la categor\u00eda \u201c<em>Necesario<\/em>\u201d. Para m\u00e1s informaci\u00f3n, consulte la p\u00e1gina de Cookies de WordPress.<\/td>\n<td style=\"width: 120.818%;\" width=\"121\">1 a\u00f1o<\/td>\n<\/tr>\n<tr>\n<td style=\"width: 26.9984%;\" width=\"208\">cookielawinfo-checkbox-non-necessary<\/td>\n<td style=\"width: 57.7351%;\" width=\"246\">Cookie funcional utilizada por GDPR Cookie Consent Plugin para almacenar el consentimiento del usuario para las cookies en la categor\u00eda \u201c<em>No necesario<\/em>\u201d. Para m\u00e1s informaci\u00f3n, consulte la p\u00e1gina de Cookies de WordPress.<\/td>\n<td style=\"width: 120.818%;\" width=\"121\">1 a\u00f1o<\/td>\n<\/tr>\n<tr>\n<td style=\"width: 26.9984%;\" width=\"208\">viewed_cookie_policy<\/td>\n<td style=\"width: 57.7351%;\" width=\"246\">Cookie funcional utilizada por GDPR Cookie Consent Plugin para conocer si el usuario ha aceptado la pol\u00edtica de cookies. Para m\u00e1s informaci\u00f3n, consulte la p\u00e1gina de Cookies de WordPress.<\/td>\n<td style=\"width: 120.818%;\" width=\"121\">1 a\u00f1o<\/td>\n<\/tr>\n<tr>\n<td style=\"width: 26.9984%;\" width=\"208\">CookieLawInfoConsent<\/td>\n<td style=\"width: 57.7351%;\" width=\"246\">Cookie funcional utilizada por GDPR Cookie Consent Plugin para conocer si el usuario ha aceptado todas las cookies o \u00fanicamente las necesarias. Para m\u00e1s informaci\u00f3n, consulte la p\u00e1gina de Cookies de WordPress.<\/td>\n<td style=\"width: 120.818%;\" width=\"121\">1 a\u00f1o<\/td>\n<\/tr>\n<\/tbody>\n<\/table>\n<p>&nbsp;<\/p>\n<ol start=\"4\">\n<li><strong>Configuraci\u00f3n del navegador<\/strong><\/li>\n<\/ol>\n<p>Puede usted permitir, bloquear o eliminar las cookies instaladas en su equipo mediante la configuraci\u00f3n de las opciones del navegador instalado en su equipo. A continuaci\u00f3n le proporcionamos informaci\u00f3n a relativa sobre los navegadores m\u00e1s comerciales:<\/p>\n<ul>\n<li>Para m\u00e1s informaci\u00f3n sobre Microsoft Internet Explorer pulse <a href=\"http:\/\/windows.microsoft.com\/es-es\/windows-vista\/block-or-allow-cookies\">aqu\u00ed<\/a>.<\/li>\n<li>Para m\u00e1s informaci\u00f3n sobre Mozilla Firefox pulse <a href=\"https:\/\/support.mozilla.org\/es\/kb\/habilitar-y-deshabilitar-cookies-que-los-sitios-we\">aqu\u00ed<\/a>.<\/li>\n<li>Para m\u00e1s informaci\u00f3n sobre Google Chrome pulse <a href=\"https:\/\/support.google.com\/chrome\/answer\/95647?hl=es\">aqu\u00ed<\/a>.<\/li>\n<li>Para m\u00e1s informaci\u00f3n sobre Safari pulse <a href=\"http:\/\/support.apple.com\/kb\/ph5042\">aqu\u00ed<\/a>.<\/li>\n<\/ul>\n<p><strong>\u00a0<\/strong><\/p>\n<ol start=\"5\">\n<li><strong>Cambios en la Pol\u00edtica de Cookies<\/strong><\/li>\n<\/ol>\n<p>La presente Pol\u00edtica de Cookies podr\u00e1 ser modificada en virtud de cualquier cambio legal o jurisprudencial que se produzca en relaci\u00f3n a las cookies o por cualquiera otra circunstancia.<\/p>\n<p>Las modificaciones de la Pol\u00edtica de Cookies ser\u00e1n debidamente publicadas en la p\u00e1gina principal de nuestro Sitio Web.<\/p>\n","protected":false},"excerpt":{"rendered":"<p>Informaci\u00f3n general Este Sitio Web utiliza cookies con el objetivo de optimizar la experiencia del usuario y garantizar la navegabilidad y prestaci\u00f3n [&hellip;]<\/p>\n","protected":false},"author":1,"featured_media":0,"parent":0,"menu_order":0,"comment_status":"closed","ping_status":"closed","template":"","meta":{"footnotes":""},"class_list":["post-16684","page","type-page","status-publish","hentry"],"_links":{"self":[{"href":"https:\/\/faemclm.es\/feriaxxv\/wp-json\/wp\/v2\/pages\/16684","targetHints":{"allow":["GET"]}}],"collection":[{"href":"https:\/\/faemclm.es\/feriaxxv\/wp-json\/wp\/v2\/pages"}],"about":[{"href":"https:\/\/faemclm.es\/feriaxxv\/wp-json\/wp\/v2\/types\/page"}],"author":[{"embeddable":true,"href":"https:\/\/faemclm.es\/feriaxxv\/wp-json\/wp\/v2\/users\/1"}],"replies":[{"embeddable":true,"href":"https:\/\/faemclm.es\/feriaxxv\/wp-json\/wp\/v2\/comments?post=16684"}],"version-history":[{"count":0,"href":"https:\/\/faemclm.es\/feriaxxv\/wp-json\/wp\/v2\/pages\/16684\/revisions"}],"wp:attachment":[{"href":"https:\/\/faemclm.es\/feriaxxv\/wp-json\/wp\/v2\/media?parent=16684"}],"curies":[{"name":"wp","href":"https:\/\/api.w.org\/{rel}","templated":true}]}}