{"id":18147,"date":"2021-10-08T13:48:09","date_gmt":"2021-10-08T11:48:09","guid":{"rendered":"https:\/\/faemclm.es\/feriaxxv\/?page_id=18147"},"modified":"2023-03-06T11:52:32","modified_gmt":"2023-03-06T10:52:32","slug":"accion-formativa-organizada-por-la-red-espanola-de-teatros-auditorios-circuitos-y-festivales-de-titularidad-publica","status":"publish","type":"page","link":"https:\/\/faemclm.es\/feriaxxv\/accion-formativa-organizada-por-la-red-espanola-de-teatros-auditorios-circuitos-y-festivales-de-titularidad-publica\/","title":{"rendered":"Acci\u00f3n Formativa organizada por la Red Espa\u00f1ola de Teatros, Auditorios, Circuitos y Festivales de Titularidad P\u00fablica"},"content":{"rendered":"<div class=\"wpb-content-wrapper\"><p>[vc_row][vc_column][vc_empty_space height=\u00bb50px\u00bb][\/vc_column][\/vc_row][vc_row content_placement=\u00bbmiddle\u00bb][vc_column width=\u00bb1\/2&#8243;][vc_column_text]<\/p>\n<p style=\"text-align: justify;\">ARTES ESC\u00c9NICAS PARA LA TRANSFORMACI\u00d3N SOCIAL. EL GIRO EDUCATIVO.<\/p>\n<p style=\"text-align: justify;\">En estos \u00faltimos a\u00f1os, cada vez son m\u00e1s los espacios esc\u00e9nicos que implican a los colectivos art\u00edsticos en los procesos de conexi\u00f3n con la ciudadan\u00eda. Esta necesaria conexi\u00f3n surge del trabajo conjunto entre el espacio que presenta y programa, y la compa\u00f1\u00eda<\/p>\n<p style=\"text-align: justify;\">que visita y act\u00faa. Hace ya tiempo que este fen\u00f3meno se empez\u00f3 a dar con los museos y centros de artes visuales, en un intento de empezar a concebirse no tanto como contenedores de obras de arte sino como espacios para la generaci\u00f3n de cultura en el entramado social. Para posibilitar este giro los procesos educativos se erigieron como instrumentos clave a la hora de abordar esta transformaci\u00f3n. Los centros de Artes Esc\u00e9nicas no se han querido quedar atr\u00e1s y han comenzado a reconsiderarse como instituci\u00f3n cultural en su necesidad de vincularse de manera m\u00e1s coherente y consolidada con su entorno.<\/p>\n<p style=\"text-align: justify;\">De este modo, la figura del Arte-Educador\/a se hace cada vez m\u00e1s necesaria e imprescindible, generando as\u00ed un nuevo nicho de empleo para artistas con extensa formaci\u00f3n en cada una de sus disciplinas. Esta tendencia est\u00e1 ya marcando un nuevo enfoque tanto en la gesti\u00f3n de las AAEE, como en el desarrollo de proyectos profesionales, no dependientes exclusivamente del esquema \u201cproducci\u00f3n-exhibici\u00f3n\u201d.<\/p>\n<p style=\"text-align: justify;\">Como muestra de esta tendencia el proyecto Ornitorrinco, promovido por La Red (La Red Espa\u00f1ola de Teatros, Auditorios, Circuitos y Festivales de Titularidad P\u00fablica) y dise\u00f1ado y desarrollado por Pedagog\u00edas Invisibles, propone que procesos educativos y de mediaci\u00f3n, est\u00e9n situados en el coraz\u00f3n de la gesti\u00f3n de los espacios y del que hablaremos a lo largo de la jornada.<\/p>\n<p>[\/vc_column_text][\/vc_column][vc_column width=\u00bb1\/2&#8243;][vc_btn title=\u00bbDescargar documento\u00bb style=\u00bbclassic\u00bb shape=\u00bbsquare\u00bb color=\u00bbblack\u00bb size=\u00bblg\u00bb align=\u00bbcenter\u00bb link=\u00bburl:https%3A%2F%2Ffaemclm.es%2Fferiaxxv%2Fwp-content%2Fuploads%2F2020%2F11%2FJornada-formativa-de-La-Red-en-Feria-CLM.docx\u00bb][\/vc_column][\/vc_row][vc_row][vc_column][vc_empty_space height=\u00bb50px\u00bb][\/vc_column][\/vc_row]<\/p>\n<\/div>","protected":false},"excerpt":{"rendered":"<p>[vc_row][vc_column][vc_empty_space height=\u00bb50px\u00bb][\/vc_column][\/vc_row][vc_row content_placement=\u00bbmiddle\u00bb][vc_column width=\u00bb1\/2&#8243;][vc_column_text] ARTES ESC\u00c9NICAS PARA LA TRANSFORMACI\u00d3N SOCIAL. EL GIRO EDUCATIVO. En estos \u00faltimos a\u00f1os, cada vez son m\u00e1s los [&hellip;]<\/p>\n","protected":false},"author":1,"featured_media":0,"parent":0,"menu_order":0,"comment_status":"closed","ping_status":"closed","template":"","meta":{"footnotes":""},"class_list":["post-18147","page","type-page","status-publish","hentry"],"_links":{"self":[{"href":"https:\/\/faemclm.es\/feriaxxv\/wp-json\/wp\/v2\/pages\/18147","targetHints":{"allow":["GET"]}}],"collection":[{"href":"https:\/\/faemclm.es\/feriaxxv\/wp-json\/wp\/v2\/pages"}],"about":[{"href":"https:\/\/faemclm.es\/feriaxxv\/wp-json\/wp\/v2\/types\/page"}],"author":[{"embeddable":true,"href":"https:\/\/faemclm.es\/feriaxxv\/wp-json\/wp\/v2\/users\/1"}],"replies":[{"embeddable":true,"href":"https:\/\/faemclm.es\/feriaxxv\/wp-json\/wp\/v2\/comments?post=18147"}],"version-history":[{"count":0,"href":"https:\/\/faemclm.es\/feriaxxv\/wp-json\/wp\/v2\/pages\/18147\/revisions"}],"wp:attachment":[{"href":"https:\/\/faemclm.es\/feriaxxv\/wp-json\/wp\/v2\/media?parent=18147"}],"curies":[{"name":"wp","href":"https:\/\/api.w.org\/{rel}","templated":true}]}}