{"id":2,"date":"2020-09-22T08:17:40","date_gmt":"2020-09-22T08:17:40","guid":{"rendered":"https:\/\/faemclm.es\/feriaxxv\/?page_id=2"},"modified":"2021-09-22T10:40:59","modified_gmt":"2021-09-22T08:40:59","slug":"saluda","status":"publish","type":"page","link":"https:\/\/faemclm.es\/feriaxxv\/saluda\/","title":{"rendered":"Saluda"},"content":{"rendered":"<div class=\"wpb-content-wrapper\"><p>[vc_row full_width=\u00bbstretch_row\u00bb css=\u00bb.vc_custom_1632300057853{background-image: url(https:\/\/faemclm.es\/feriaxxv\/wp-content\/uploads\/2018\/04\/bg-floritura.png?id=17531) !important;background-position: center !important;background-repeat: no-repeat !important;background-size: cover !important;}\u00bb][vc_column][vc_column_text]<\/p>\n<p style=\"text-align: justify;\"><span style=\"font-size: 20px;\">Tras un periodo complicado y una \u00faltima feria enteramente digital, esta XXV edici\u00f3n de la Feria de Artes esc\u00e9nicas y Musicales de Castilla-La Mancha se llevar\u00e1 a cabo, de nuevo, como deber\u00eda haber sido siempre: en la calle y en los teatros, mir\u00e1ndose frente a frente y pudi\u00e9ndose alejar y acercar sin necesidad de presionar los comandos del ordenador.<\/span><\/p>\n<p>&nbsp;<\/p>\n<p style=\"text-align: justify;\"><span style=\"font-size: 20px;\">En esta edici\u00f3n incluimos novedades importantes: su presencia se ampl\u00eda de cuatro a seis d\u00edas; se potenciar\u00e1n los espect\u00e1culos en la calle, donde el aire libre sea tambi\u00e9n protagonista; y se ha colaborado con el Ayuntamiento de Albacete, especialmente con las Concejal\u00edas de Barrios y Pedan\u00edas, la de Juventud y la de Igualdad y Participaci\u00f3n Ciudadana para expandir la muestra a m\u00e1s espacios y colectivos, especialmente aquellos m\u00e1s sensibles, de manera que la participaci\u00f3n ciudadana tenga una representaci\u00f3n m\u00e1s manifiesta, beneficiosa y rec\u00edproca para todos.<\/span><\/p>\n<p>&nbsp;<\/p>\n<p style=\"text-align: justify;\"><span style=\"font-size: 20px;\">Por otro lado, era necesario que esta feria regresar\u00e1 a la presencialidad y que se volviera a los escenarios, de modo que los m\u00e1s de nuestros 170 teatros resurgir\u00e1n con espect\u00e1culos dignos del p\u00fablico que habitualmente va o el que desea descubrir la pasi\u00f3n por las artes esc\u00e9nicas. Teatro, m\u00fasica, circo, danza\u2026 volver\u00e1n a subirse a escenarios casi con la misma naturalidad y, por supuesto, con toda la seguridad con la que lo hac\u00edan antes. Regresar\u00e1n las artes vivas en vivo.<\/span><\/p>\n<p>&nbsp;<\/p>\n<p style=\"text-align: justify;\"><span style=\"font-size: 20px;\">No podemos olvidar que esta Feria de Artes esc\u00e9nicas y Musicales de Castilla-La Mancha es un lugar de encuentro y de proyecci\u00f3n art\u00edstica en el que se programan hasta treinta y cuatro compa\u00f1\u00edas y en el que estas provienen de todos los lugares de Espa\u00f1a. Esta feria y sus consecuencias activar\u00e1n no solo a artistas de los diferentes campos, sino a multitud de profesionales de \u00e1mbitos relacionados, con lo que durante seis d\u00edas Albacete se convertir\u00e1 en el foco de gesti\u00f3n de la industria art\u00edstica nacional.<\/span><\/p>\n<p>&nbsp;<\/p>\n<p style=\"text-align: justify;\"><span style=\"font-size: 20px;\">El Gobierno de Castilla-La Mancha y su Consejer\u00eda de Educaci\u00f3n, Cultura y Deportes se esfuerzan por proteger la cultura, su identidad y su futuro y estoy convencida de que la XXV edici\u00f3n de la Feria de Artes esc\u00e9nicas y Musicales de nuestra regi\u00f3n ser\u00e1 un \u00e9xito, como lo han sido todas las anteriores.<\/span><\/p>\n<p>&nbsp;<\/p>\n<p style=\"text-align: right;\">Rosa Ana Rodr\u00edguez P\u00e9rez<\/p>\n<p style=\"text-align: right;\">Consejera de Educaci\u00f3n, Cultura y Deportes<\/p>\n<p>[\/vc_column_text][vc_empty_space][\/vc_column][\/vc_row]<\/p>\n<\/div>","protected":false},"excerpt":{"rendered":"<p>[vc_row full_width=\u00bbstretch_row\u00bb css=\u00bb.vc_custom_1632300057853{background-image: url(https:\/\/faemclm.es\/feriaxxv\/wp-content\/uploads\/2018\/04\/bg-floritura.png?id=17531) !important;background-position: center !important;background-repeat: no-repeat !important;background-size: cover !important;}\u00bb][vc_column][vc_column_text] Tras un periodo complicado y una \u00faltima feria enteramente digital, esta [&hellip;]<\/p>\n","protected":false},"author":1,"featured_media":0,"parent":0,"menu_order":0,"comment_status":"closed","ping_status":"open","template":"","meta":{"footnotes":""},"class_list":["post-2","page","type-page","status-publish","hentry"],"_links":{"self":[{"href":"https:\/\/faemclm.es\/feriaxxv\/wp-json\/wp\/v2\/pages\/2","targetHints":{"allow":["GET"]}}],"collection":[{"href":"https:\/\/faemclm.es\/feriaxxv\/wp-json\/wp\/v2\/pages"}],"about":[{"href":"https:\/\/faemclm.es\/feriaxxv\/wp-json\/wp\/v2\/types\/page"}],"author":[{"embeddable":true,"href":"https:\/\/faemclm.es\/feriaxxv\/wp-json\/wp\/v2\/users\/1"}],"replies":[{"embeddable":true,"href":"https:\/\/faemclm.es\/feriaxxv\/wp-json\/wp\/v2\/comments?post=2"}],"version-history":[{"count":0,"href":"https:\/\/faemclm.es\/feriaxxv\/wp-json\/wp\/v2\/pages\/2\/revisions"}],"wp:attachment":[{"href":"https:\/\/faemclm.es\/feriaxxv\/wp-json\/wp\/v2\/media?parent=2"}],"curies":[{"name":"wp","href":"https:\/\/api.w.org\/{rel}","templated":true}]}}