{"id":2760,"date":"2022-10-11T17:34:24","date_gmt":"2022-10-11T15:34:24","guid":{"rendered":"https:\/\/faemclm.es\/?page_id=2760"},"modified":"2024-02-22T13:29:33","modified_gmt":"2024-02-22T12:29:33","slug":"politica-de-privacidad","status":"publish","type":"page","link":"https:\/\/faemclm.es\/feriaxxviii\/politica-de-privacidad\/","title":{"rendered":"Pol\u00edtica de privacidad"},"content":{"rendered":"\t\t<div data-elementor-type=\"wp-page\" data-elementor-id=\"2760\" class=\"elementor elementor-2760\">\n\t\t\t\t\t\t<section class=\"elementor-section elementor-top-section elementor-element elementor-element-4c6673f elementor-section-boxed elementor-section-height-default elementor-section-height-default\" data-id=\"4c6673f\" data-element_type=\"section\" data-e-type=\"section\">\n\t\t\t\t\t\t<div class=\"elementor-container elementor-column-gap-default\">\n\t\t\t\t\t<div class=\"elementor-column elementor-col-100 elementor-top-column elementor-element elementor-element-4e9900d\" data-id=\"4e9900d\" data-element_type=\"column\" data-e-type=\"column\">\n\t\t\t<div class=\"elementor-widget-wrap elementor-element-populated\">\n\t\t\t\t\t\t<div class=\"elementor-element elementor-element-7d10d1c elementor-widget elementor-widget-text-editor\" data-id=\"7d10d1c\" data-element_type=\"widget\" data-e-type=\"widget\" data-widget_type=\"text-editor.default\">\n\t\t\t\t<div class=\"elementor-widget-container\">\n\t\t\t\t\t\t\t\t\t<ol><li style=\"list-style-type: none;\"><ol><li><strong>Informaci\u00f3n b\u00e1sica<\/strong><\/li><\/ol><\/li><\/ol><table width=\"100%\"><tbody><tr><td width=\"102\">Responsable<\/td><td width=\"475\">Fundaci\u00f3n Impulsa Castilla-La Mancha<\/td><\/tr><tr><td width=\"102\">Finalidad<\/td><td width=\"475\">Participaci\u00f3n del usuario en la XXVIII Feria de las Artes Esc\u00e9nicas y Musicales de Castilla-La Mancha, as\u00ed como gesti\u00f3n de comunicaciones y consultas realizadas a trav\u00e9s del Sitio Web.<\/td><\/tr><tr><td width=\"102\">Legitimaci\u00f3n<\/td><td width=\"475\">Consentimiento del interesado \/ Ejecuci\u00f3n de relaciones precontractuales o contractuales \/ Cumplimiento de obligaciones legales \/ Inter\u00e9s leg\u00edtimo de la Fundaci\u00f3n<\/td><\/tr><tr><td width=\"102\">Destinatarios<\/td><td width=\"475\">Salvo obligaci\u00f3n legal, no se ceder\u00e1n datos a terceros.<\/td><\/tr><tr><td width=\"102\">Derechos<\/td><td width=\"475\">Acceso, rectificaci\u00f3n, supresi\u00f3n, oposici\u00f3n, as\u00ed como portabilidad y limitaci\u00f3n del tratamiento.<\/td><\/tr><tr><td width=\"102\">Informaci\u00f3n adicional<\/td><td width=\"475\">Consulte la\u00a0<strong><u>Pol\u00edtica de Privacidad.<\/u><\/strong><\/td><\/tr><\/tbody><\/table><p><strong>\u00a0<\/strong><\/p><ol start=\"2\"><li><strong>Informaci\u00f3n adicional<\/strong><\/li><\/ol><p>A trav\u00e9s de la presente Pol\u00edtica de Privacidad se regula el tratamiento de datos personales a trav\u00e9s del Sitio Web <a href=\"http:\/\/www.faemclm.es\">www.faemclm.es<\/a> (el \u201c<strong>Sitio Web<\/strong>\u201d), que Fundaci\u00f3n Impulsa Castilla-La Mancha (\u201c<strong>Fundaci\u00f3n Impulsa CLM<\/strong>\u201d) pone a su disposici\u00f3n.<\/p><p>Fundaci\u00f3n Impulsa CLM tiene el m\u00e1ximo inter\u00e9s en proteger la seguridad, as\u00ed como en garantizar y proteger sus datos de car\u00e1cter personal que pudieran ser recabados y tratados a trav\u00e9s del Sitio Web, inform\u00e1ndole a trav\u00e9s de la presente Pol\u00edtica de Privacidad acerca del tratamiento que se realiza de los mismos.<\/p><p>Fundaci\u00f3n Impulsa CLM se reserva el derecho a modificar la presente Pol\u00edtica de Privacidad para adecuarla a las novedades legales o jurisprudenciales as\u00ed como a cualesquiera modificaciones que pudieran introducirse en el Sitio Web.<\/p><p>El Sitio Web puede contener enlaces o links a otras p\u00e1ginas web. Fundaci\u00f3n Impulsa CLM no se responsabiliza por las pr\u00e1cticas de privacidad ni de los contenidos de esas otras webs. La presente Pol\u00edtica de Privacidad s\u00f3lo se aplica a los datos personales recabados a trav\u00e9s del Sitio Web<\/p><p><strong>2.1 \u00bfQui\u00e9n es el responsable del tratamiento de sus datos?<\/strong>Fundaci\u00f3n Impulsa CLM recoge sus datos personales en el presente Sitio Web para las siguientes finalidades:<\/p><ol type=\"a\"><li style=\"list-style-type: none;\"><ol type=\"a\"><li>Para gestionar la participaci\u00f3n de profesionales en la XXVIII Feria de las Artes Esc\u00e9nicas y Musicales de Castilla-La Mancha, incluyendo: la gesti\u00f3n de los gastos de alojamiento y manutenci\u00f3n, el control de la asistencia y acreditaci\u00f3n para los espect\u00e1culos, la participaci\u00f3n en el taller \u201cLas Ferias y su contribuci\u00f3n a la cultura sostenible\u201d y\/o en la rueda de negocios y la participaci\u00f3n en encuestas o estudios sobre la edici\u00f3n de la Feria.<p>Asimismo, mediante la marcaci\u00f3n de la casilla correspondiente, Fundaci\u00f3n Impulsa CLM podr\u00e1 tratar sus datos personales para la elaboraci\u00f3n y remisi\u00f3n del certificado de asistencia sobre los encuentros de la XXVIII Feria de las Artes Esc\u00e9nicas y Musicales de Castilla-La Mancha.<\/p><p>Los datos personales que fueran recabados para esta finalidad ser\u00e1n conservados durante el tiempo necesario para la gesti\u00f3n de la participaci\u00f3n del profesional en la Feria o en tanto no solicite su supresi\u00f3n. Asimismo, los datos personales podr\u00e1n ser conservados una vez finalizadas las actividades de forma anonimizada y con fines estad\u00edsticos.<\/p><\/li><li>Para atender a las distintas solicitudes y comunicaciones que los usuarios de la web realicen a Fundaci\u00f3n Impulsa CLM, as\u00ed como para ayudar a resolver cualquier cuesti\u00f3n que pudiera ser suscitada por el acceso al Sitio Web.<p>Los datos personales que fueran recabados para esta finalidad ser\u00e1n conservados durante el tiempo necesario para atender la consulta o solicitud del usuario, o en tanto no se solicite su supresi\u00f3n por el interesado.<\/p><\/li><li>Para la tramitaci\u00f3n de la adquisici\u00f3n de entradas o productos o servicios disponibles a trav\u00e9s del Sitio Web, as\u00ed como la prestaci\u00f3n de servicios de posventa y atenci\u00f3n al cliente a los usuarios.<p>Los datos personales que fueran recabados para esta finalidad ser\u00e1n conservados durante el tiempo necesario para la ejecuci\u00f3n de la relaci\u00f3n contractual y, una vez finalizada \u00e9sta, por el tiempo de prescripci\u00f3n de las obligaciones que pudieran emanar de la misma.<\/p><\/li><li>Para dar cobertura informativa a la XXVIII Feria de las Artes Esc\u00e9nicas y Musicales de Castilla-La Mancha y para promoci\u00f3n institucional propia mediante la captaci\u00f3n y publicaci\u00f3n de im\u00e1genes y\/o sonido en eventos organizados con ocasi\u00f3n de la XXVIII Feria de las Artes Esc\u00e9nicas y Musicales de Castilla-La Mancha que identifiquen directamente a una persona f\u00edsica.<p>Los datos personales que fueran recabados para esta finalidad ser\u00e1n conservados para el cumplimiento de potestades p\u00fablicas atribuidas a Fundaci\u00f3n Impulsa CLM para la organizaci\u00f3n de la XXVIII Feria de las Artes Esc\u00e9nicas y Musicales de Castilla-La Mancha o de obligaciones legales que le fueran impuestas con ocasi\u00f3n de esta designaci\u00f3n, y, una vez finalizada \u00e9sta, por el tiempo de prescripci\u00f3n de las obligaciones que pudieran emanar de la misma.<\/p><\/li><li>Para dar cobertura informativa a la XXVIII Feria de las Artes Esc\u00e9nicas y Musicales de Castilla-La Mancha y para promoci\u00f3n institucional propia mediante la captaci\u00f3n y publicaci\u00f3n de im\u00e1genes y\/o sonido en eventos organizados con ocasi\u00f3n de la XXVIII Feria de las Artes Esc\u00e9nicas y Musicales de Castilla-La Mancha, cuando se trate de planos generales o sonido ambiente.<p>Los datos personales que fueran recabados para esta finalidad ser\u00e1n conservados para el cumplimiento de potestades p\u00fablicas atribuidas a Fundaci\u00f3n Impulsa CLM para la organizaci\u00f3n de la XXVIII Feria de las Artes Esc\u00e9nicas y Musicales de Castilla-La Mancha o de obligaciones legales que le fueran impuestas con ocasi\u00f3n de esta designaci\u00f3n, y, una vez finalizada \u00e9sta, por el tiempo de prescripci\u00f3n de las obligaciones que pudieran emanar de la misma.<\/p><\/li><\/ol><\/li><\/ol><p>Esta informaci\u00f3n puede incluir datos de car\u00e1cter personal como pueden ser su direcci\u00f3n IP, nombre y apellidos, direcci\u00f3n f\u00edsica, direcci\u00f3n de correo electr\u00f3nico, n\u00famero de tel\u00e9fono, foto de perfil, im\u00e1genes, tipolog\u00eda profesional, datos laborales y otra informaci\u00f3n que usted nos facilite.<\/p><p>Existen otras finalidades por las que Fundaci\u00f3n Impulsa CLM trata datos personales:<\/p><ol type=\"a\"><li style=\"list-style-type: none;\"><ol type=\"a\"><li style=\"list-style-type: none;\"><ul><li>Para garantizar el cumplimiento de las condiciones recogidas en el Aviso Legal y en la ley aplicable. Esto puede incluir el desarrollo de herramientas y algoritmos que ayuden al Sitio Web a garantizar la confidencialidad de los datos personales que recoge.<\/li><li>Para apoyar y mejorar los servicios que ofrece este Sitio Web.<\/li><li>Para analizar la navegaci\u00f3n de los usuarios. Fundaci\u00f3n Impulsa CLM recoge otros datos no identificativos que se obtienen mediante el uso de cookies que se descargan en el ordenador del Usuario cuando navega por el Sitio Web cuyas caracter\u00edsticas y finalidad est\u00e1n detalladas en la p\u00e1gina de Pol\u00edtica de Cookies.<\/li><li>Para gestionar las redes sociales. Fundaci\u00f3n Impulsa CLM tiene presencia en redes sociales. Si usted se hace seguidor en las redes sociales de Fundaci\u00f3n Impulsa CLM el tratamiento de los datos personales se regir\u00e1 por este apartado, as\u00ed como por aquellas condiciones de uso, pol\u00edticas de privacidad y normativas de acceso que pertenezcan a la red social que proceda en cada caso y que ha aceptado previamente.<\/li><\/ul><\/li><\/ol><\/li><\/ol><p>Puede consultar las pol\u00edticas de privacidad de las principales redes sociales en estos enlaces:<\/p><p style=\"padding-left: 40px;\"><a href=\"https:\/\/www.facebook.com\/privacy\/policies\/cookies\/?entry_point=cookie_policy_redirect&amp;entry=0\">Facebook<\/a><\/p><p style=\"padding-left: 40px;\"><a href=\"https:\/\/twitter.com\/es\/privacy\">Twitter<\/a><\/p><p style=\"padding-left: 40px;\"><a href=\"https:\/\/privacycenter.instagram.com\/policy\/?entry_point=ig_help_center_data_policy_redirect\">Instagram<\/a><\/p><p style=\"padding-left: 40px;\"><a href=\"https:\/\/policies.google.com\/privacy?hl=es\">YouTube<\/a><\/p><p>Fundaci\u00f3n Impulsa CLM tratar\u00e1 sus datos personales con la finalidad de administrar correctamente su presencia en la red social, informarle de sus actividades, productos o servicios, as\u00ed como para cualquier otra finalidad que las normativas de las redes sociales permitan.<\/p><p>En ning\u00fan caso Fundaci\u00f3n Impulsa CLM utilizar\u00e1 los perfiles de seguidores en redes sociales para enviar publicidad de manera individual.<\/p><p><strong>2.3 \u00bfCu\u00e1l es la legitimaci\u00f3n para el tratamiento de sus datos?<\/strong><\/p><p>La base legal para el tratamiento de sus datos personales con la finalidad indicada en el apartado (a) es la existencia de una relaci\u00f3n contractual con Fundaci\u00f3n Impulsa CLM derivada de su inscripci\u00f3n en el evento o la aplicaci\u00f3n de medidas precontractuales relacionadas con la misma.<\/p><p>La base legal para el tratamiento de sus datos personales con la finalidad indicada en el apartado (b) es el consentimiento del propio interesado que emite la solicitud o comunicaci\u00f3n.<\/p><p>La base legal para el tratamiento de sus datos personales con la finalidad indicada en el apartado (c) es la existencia de una relaci\u00f3n contractual con Fundaci\u00f3n Impulsa CLM derivada de la adquisici\u00f3n de entradas o productos o servicios o la aplicaci\u00f3n de medidas precontractuales relacionadas con la misma.<\/p><p>La base legal para el tratamiento de sus datos personales con la finalidad indicada en el apartado (d) es el consentimiento del propio interesado cuya imagen se capte y al que se identifique directamente.<\/p><p>La base legal para el tratamiento de sus datos personales con la finalidad indicada en el apartado (e) es el inter\u00e9s leg\u00edtimo de Fundaci\u00f3n Impulsa CLM en dar cobertura informativa a los eventos de XXVIII Feria de las Artes Esc\u00e9nicas y Musicales de Castilla-La Mancha y en la promoci\u00f3n institucional propia.<\/p><p style=\"margin: 0cm; line-height: normal; font-size: 11pt; font-family: Calibri, sans-serif; color: #000000; font-style: normal; font-weight: 400;\"><span style=\"font-size: 12pt; font-family: 'Times New Roman', serif;\">\u00a0<\/span><\/p><p style=\"margin: 0cm 0cm 0cm 21pt; line-height: normal; font-size: 11pt; font-family: Calibri, sans-serif; color: #000000; font-style: normal; font-weight: 400; text-indent: -18pt;\"><strong style=\"font-family: Roboto, sans-serif; font-size: 17px; font-style: normal; color: #606060; text-indent: 0px;\">2.4 \u00bfA qu\u00e9 destinatarios se comunicar\u00e1n sus datos?<\/strong><\/p><p style=\"margin: 0cm 0cm 0cm 21pt; line-height: normal; font-size: 11pt; font-family: Calibri, sans-serif; color: #000000; font-style: normal; font-weight: 400;\"><b><span style=\"font-size: 12pt; font-family: 'Times New Roman', serif;\">\u00a0<\/span><\/b><\/p><p>Los datos personales que sean recabados por la Fundaci\u00f3n Impulsa CLM podr\u00e1n ser comunicados la Administraci\u00f3n P\u00fablica de Castilla-La Mancha u otras entidades que participen en la organizaci\u00f3n de los eventos de XXVIII Feria de las Artes Esc\u00e9nicas y Musicales de Castilla-La Mancha.<\/p><p>Al margen de dicha comunicaci\u00f3n, Fundaci\u00f3n Impulsa CLM no ceder\u00e1 los datos personales de los usuarios a terceros sin solicitar consentimiento previo e informado a usted como interesado, salvo que tal comunicaci\u00f3n de datos resultase necesaria para la prestaci\u00f3n del servicio solicitado o as\u00ed lo estableciera la normativa vigente.<\/p><p style=\"margin: 0cm; line-height: normal; font-size: 11pt; font-family: Calibri, sans-serif; color: #000000; font-style: normal; font-weight: 400;\"><span style=\"font-size: 12pt; font-family: 'Times New Roman', serif;\">\u00a0<\/span><\/p><p style=\"margin: 0cm 0cm 0cm 21pt; line-height: normal; font-size: 11pt; font-family: Calibri, sans-serif; color: #000000; font-style: normal; font-weight: 400; text-indent: -18pt;\"><strong style=\"font-family: Roboto, sans-serif; font-size: 17px; font-style: normal; margin-bottom: 0px; color: #606060; text-indent: 0px;\">2.5 \u00bfCu\u00e1les son sus derechos cuando nos facilita sus datos?<\/strong><\/p><p style=\"margin: 0cm; line-height: normal; font-size: 11pt; font-family: Calibri, sans-serif; color: #000000; font-style: normal; font-weight: 400;\"><b><span style=\"font-size: 12pt; font-family: 'Times New Roman', serif;\">\u00a0<\/span><\/b><\/p><p>Derecho de acceso: tiene derecho a obtener confirmaci\u00f3n sobre si Fundaci\u00f3n Impulsa CLM trata datos personales que le conciernen o no, as\u00ed como a acceder a los mismos.<\/p><p>Derecho de rectificaci\u00f3n: tiene derecho a solicitar la rectificaci\u00f3n de aquellos datos que resulten inexactos.<\/p><p>Derecho de supresi\u00f3n: tiene derecho a solicitar la supresi\u00f3n de sus datos, entre otros motivos, cuando los datos ya no sean necesarios en relaci\u00f3n con los fines para los que fueron recogidos.<\/p><p>Derecho a la limitaci\u00f3n del tratamiento: usted, bajo la premisa de que concurran determinadas circunstancias, podr\u00e1 solicitar la limitaci\u00f3n del tratamiento de sus datos, en cuyo caso, Fundaci\u00f3n Impulsa CLM podr\u00e1 utilizarlos para el ejercicio o defensa de reclamaciones, para la protecci\u00f3n de derechos o por razones de inter\u00e9s p\u00fablico.<\/p><p>Derecho a la portabilidad de los datos: tiene derecho a que sus datos, cuando as\u00ed lo solicite, sean enviados a otro responsable.<\/p><p>Derecho de oposici\u00f3n: tiene derecho, por motivos relacionados con su situaci\u00f3n particular, a oponerse al tratamiento de sus datos personales. Fundaci\u00f3n Impulsa CLM dejar\u00e1 de tratar dichos datos, salvo que existan motivos leg\u00edtimos imperiosos, o para el ejercicio o la defensa de reclamaciones.<\/p><p>Usted podr\u00e1 ejercer sus derechos en los t\u00e9rminos legalmente establecidos dirigi\u00e9ndose a Fundaci\u00f3n Impulsa CLM a trav\u00e9s de la siguiente direcci\u00f3n de correo electr\u00f3nico: <a href=\"mailto:info@iclm.es\">info@iclm.es<\/a> o por medio de correo postal a la siguiente direcci\u00f3n: Ronda Buenavista, 47, Planta 1\u00aa, 45005 Toledo. Para el ejercicio de dichos derechos, deber\u00e1 identificarse y aportar fotocopia de su DNI o documento de identidad equivalente.<\/p><p>Asimismo, puede contactar con el delegado de protecci\u00f3n de datos de Fundaci\u00f3n Impulsa CLM a trav\u00e9s de la siguiente direcci\u00f3n de correo electr\u00f3nico: <a href=\"mailto:dpo@castaneda-abogados.com\">dpo@castaneda-abogados.com<\/a>.<\/p><p>En caso de que considere que el tratamiento de sus datos personales no se ajusta a lo dispuesto en la normativa, usted tiene derecho a reclamar la tutela de una autoridad de control.<\/p>\t\t\t\t\t\t\t\t<\/div>\n\t\t\t\t<\/div>\n\t\t\t\t\t<\/div>\n\t\t<\/div>\n\t\t\t\t\t<\/div>\n\t\t<\/section>\n\t\t\t\t<\/div>\n\t\t","protected":false},"excerpt":{"rendered":"<p>Informaci\u00f3n b\u00e1sica Responsable Fundaci\u00f3n Impulsa Castilla-La Mancha Finalidad Participaci\u00f3n del usuario en la XXVIII Feria de las Artes Esc\u00e9nicas y Musicales de Castilla-La Mancha, as\u00ed como gesti\u00f3n de comunicaciones y [&hellip;]<\/p>\n","protected":false},"author":1,"featured_media":0,"parent":0,"menu_order":0,"comment_status":"closed","ping_status":"closed","template":"","meta":{"site-sidebar-layout":"default","site-content-layout":"","ast-site-content-layout":"default","site-content-style":"default","site-sidebar-style":"default","ast-global-header-display":"","ast-banner-title-visibility":"","ast-main-header-display":"","ast-hfb-above-header-display":"","ast-hfb-below-header-display":"","ast-hfb-mobile-header-display":"","site-post-title":"","ast-breadcrumbs-content":"","ast-featured-img":"","footer-sml-layout":"","ast-disable-related-posts":"","theme-transparent-header-meta":"","adv-header-id-meta":"","stick-header-meta":"","header-above-stick-meta":"","header-main-stick-meta":"","header-below-stick-meta":"","astra-migrate-meta-layouts":"default","ast-page-background-enabled":"default","ast-page-background-meta":{"desktop":{"background-color":"var(--ast-global-color-5)","background-image":"","background-repeat":"repeat","background-position":"center center","background-size":"auto","background-attachment":"scroll","background-type":"","background-media":"","overlay-type":"","overlay-color":"","overlay-opacity":"","overlay-gradient":""},"tablet":{"background-color":"","background-image":"","background-repeat":"repeat","background-position":"center center","background-size":"auto","background-attachment":"scroll","background-type":"","background-media":"","overlay-type":"","overlay-color":"","overlay-opacity":"","overlay-gradient":""},"mobile":{"background-color":"","background-image":"","background-repeat":"repeat","background-position":"center center","background-size":"auto","background-attachment":"scroll","background-type":"","background-media":"","overlay-type":"","overlay-color":"","overlay-opacity":"","overlay-gradient":""}},"ast-content-background-meta":{"desktop":{"background-color":"var(--ast-global-color-4)","background-image":"","background-repeat":"repeat","background-position":"center center","background-size":"auto","background-attachment":"scroll","background-type":"","background-media":"","overlay-type":"","overlay-color":"","overlay-opacity":"","overlay-gradient":""},"tablet":{"background-color":"var(--ast-global-color-4)","background-image":"","background-repeat":"repeat","background-position":"center center","background-size":"auto","background-attachment":"scroll","background-type":"","background-media":"","overlay-type":"","overlay-color":"","overlay-opacity":"","overlay-gradient":""},"mobile":{"background-color":"var(--ast-global-color-4)","background-image":"","background-repeat":"repeat","background-position":"center center","background-size":"auto","background-attachment":"scroll","background-type":"","background-media":"","overlay-type":"","overlay-color":"","overlay-opacity":"","overlay-gradient":""}},"_EventAllDay":false,"_EventTimezone":"","_EventStartDate":"","_EventEndDate":"","_EventStartDateUTC":"","_EventEndDateUTC":"","_EventShowMap":false,"_EventShowMapLink":false,"_EventURL":"","_EventCost":"","_EventCostDescription":"","_EventCurrencySymbol":"","_EventCurrencyCode":"","_EventCurrencyPosition":"","_EventDateTimeSeparator":"","_EventTimeRangeSeparator":"","_EventOrganizerID":[],"_EventVenueID":[],"_OrganizerEmail":"","_OrganizerPhone":"","_OrganizerWebsite":"","_VenueAddress":"","_VenueCity":"","_VenueCountry":"","_VenueProvince":"","_VenueState":"","_VenueZip":"","_VenuePhone":"","_VenueURL":"","_VenueStateProvince":"","_VenueLat":"","_VenueLng":"","_VenueShowMap":false,"_VenueShowMapLink":false,"footnotes":""},"class_list":["post-2760","page","type-page","status-publish","hentry"],"_links":{"self":[{"href":"https:\/\/faemclm.es\/feriaxxviii\/wp-json\/wp\/v2\/pages\/2760","targetHints":{"allow":["GET"]}}],"collection":[{"href":"https:\/\/faemclm.es\/feriaxxviii\/wp-json\/wp\/v2\/pages"}],"about":[{"href":"https:\/\/faemclm.es\/feriaxxviii\/wp-json\/wp\/v2\/types\/page"}],"author":[{"embeddable":true,"href":"https:\/\/faemclm.es\/feriaxxviii\/wp-json\/wp\/v2\/users\/1"}],"replies":[{"embeddable":true,"href":"https:\/\/faemclm.es\/feriaxxviii\/wp-json\/wp\/v2\/comments?post=2760"}],"version-history":[{"count":24,"href":"https:\/\/faemclm.es\/feriaxxviii\/wp-json\/wp\/v2\/pages\/2760\/revisions"}],"predecessor-version":[{"id":5870,"href":"https:\/\/faemclm.es\/feriaxxviii\/wp-json\/wp\/v2\/pages\/2760\/revisions\/5870"}],"wp:attachment":[{"href":"https:\/\/faemclm.es\/feriaxxviii\/wp-json\/wp\/v2\/media?parent=2760"}],"curies":[{"name":"wp","href":"https:\/\/api.w.org\/{rel}","templated":true}]}}