{"id":2774,"date":"2022-10-11T17:39:24","date_gmt":"2022-10-11T15:39:24","guid":{"rendered":"https:\/\/faemclm.es\/?page_id=2774"},"modified":"2024-02-22T13:40:57","modified_gmt":"2024-02-22T12:40:57","slug":"politica-de-cookies","status":"publish","type":"page","link":"https:\/\/faemclm.es\/feriaxxviii\/politica-de-cookies\/","title":{"rendered":"Pol\u00edtica de cookies"},"content":{"rendered":"\t\t<div data-elementor-type=\"wp-page\" data-elementor-id=\"2774\" class=\"elementor elementor-2774\">\n\t\t\t\t\t\t<section class=\"elementor-section elementor-top-section elementor-element elementor-element-3479680 elementor-section-boxed elementor-section-height-default elementor-section-height-default\" data-id=\"3479680\" data-element_type=\"section\" data-e-type=\"section\">\n\t\t\t\t\t\t<div class=\"elementor-container elementor-column-gap-default\">\n\t\t\t\t\t<div class=\"elementor-column elementor-col-100 elementor-top-column elementor-element elementor-element-cb52cc9\" data-id=\"cb52cc9\" data-element_type=\"column\" data-e-type=\"column\">\n\t\t\t<div class=\"elementor-widget-wrap elementor-element-populated\">\n\t\t\t\t\t\t<div class=\"elementor-element elementor-element-5b8a73d elementor-widget elementor-widget-text-editor\" data-id=\"5b8a73d\" data-element_type=\"widget\" data-e-type=\"widget\" data-widget_type=\"text-editor.default\">\n\t\t\t\t<div class=\"elementor-widget-container\">\n\t\t\t\t\t\t\t\t\t<ol>\n<li><strong>Informaci\u00f3n general<\/strong><\/li>\n<\/ol>\n<p><span style=\"font-size: 17px;\">El sitio web <\/span><a style=\"font-family: inherit; font-size: 17px; background-color: #ffffff;\" href=\"http:\/\/www.faemclm.es\/\">http:\/\/www.faemclm.es\/<\/a><span style=\"font-size: 17px;\"> (el \u201c<\/span><strong style=\"font-size: 17px;\">Sitio Web<\/strong><span style=\"font-size: 17px;\">\u201d) utiliza cookies con el objetivo de optimizar la experiencia del usuario y garantizar la navegabilidad y prestaci\u00f3n de los servicios interactivos que integramos en nuestro Sitio Web.<\/span><\/p>\n<p><span style=\"font-size: 17px;\">Una cookie es un dispositivo de almacenamiento y recuperaci\u00f3n de datos que se utiliza en el dispositivo del usuario al acceder a determinadas p\u00e1ginas web, sin que exista posibilidad de que este tipo de ficheros da\u00f1en al dispositivo donde queden guardados. Estos dispositivos pueden servir para finalidades muy diversas, como, por ejemplo, reconocerte como usuario, obtener informaci\u00f3n sobre tus h\u00e1bitos de navegaci\u00f3n, o personalizar la forma en que se muestra el contenido.<\/span><\/p><p><span style=\"font-size: 17px;\">La informaci\u00f3n que a continuaci\u00f3n te proporcionamos te permitir\u00e1 comprender los distintos tipos de cookies que existen y empleamos.<\/span><\/p>\n<p><\/p>\n<ol start=\"2\">\n<li><strong>Tipolog\u00eda de cookies existentes<\/strong><\/li>\n<\/ol>\n<ul>\n<li><u>Cookies seg\u00fan la entidad que las gestiona<\/u>:<\/li>\n<\/ul>\n<ul>\n<li>Cookies propias: aquellas que se utilizan en el equipo terminal del usuario desde un equipo o dominio gestionado por la Fundaci\u00f3n Impulsa Castilla-La Mancha (\u201c<strong>Fundaci\u00f3n Impulsa CLM<\/strong>\u201d).<\/li>\n<\/ul>\n<ul>\n<li>Cookies de terceros: aquellas que se env\u00edan al equipo terminal del usuario desde un equipo o dominio no gestionado por Fundaci\u00f3n Impulsa CLM, sino por otra entidad que trata los datos obtenidos a trav\u00e9s de las cookies.<\/li>\n<\/ul>\n<ul>\n<li><u>Cookies seg\u00fan el tiempo que permanecen activas<\/u>:<\/li>\n<\/ul>\n<ul>\n<li>Cookies de sesi\u00f3n: aquellas dise\u00f1adas para recabar y almacenar datos mientras el usuario permanezca en el Sitio Web, es decir, \u00fanicamente mientras sea necesario para prestar el servicio solicitado, y desaparecen al terminar la sesi\u00f3n.<\/li>\n<\/ul>\n<ul>\n<li>Cookies persistentes: aquellas que permanecen almacenadas en el terminal y el Sitio Web puede acceder a ellas hasta la fecha de expiraci\u00f3n definida por el responsable de las cookies, pudiendo ir desde unos minutos a varios a\u00f1os.<\/li>\n<\/ul>\n<ul>\n<li><u>Cookies seg\u00fan su finalidad<\/u>:<\/li>\n<\/ul>\n<ul>\n<li>Cookies t\u00e9cnicas y funcionales: aquellas que permiten la navegaci\u00f3n por el Sitio Web y la utilizaci\u00f3n de las distintas opciones o servicios que se ofrecen a trav\u00e9s de \u00e9ste. Estas cookies son necesarias para garantizar el correcto funcionamiento del Sitio Web.<\/li>\n<\/ul>\n<ul>\n<li>Cookies de preferencias o personalizaci\u00f3n: aquellas que permiten recordar informaci\u00f3n para que el usuario acceda al servicio con determinadas caracter\u00edsticas predefinidas que pueden diferenciar su experiencia de la de otros usuarios, como pueden ser el idioma, el tipo de navegador o la configuraci\u00f3n regional del equipo.<\/li>\n<\/ul>\n<ul>\n<li>Cookies de an\u00e1lisis o medici\u00f3n: aquellas que permiten hacer seguimiento y an\u00e1lisis del comportamiento de los usuarios que visitan el Sitio Web, as\u00ed como una medici\u00f3n de la actividad dentro del mismo, con el prop\u00f3sito de introducir mejoras.<\/li>\n<\/ul>\n<ul>\n<li>Cookies de publicidad comportamental: aquellas que almacenan informaci\u00f3n sobre las preferencias y elecciones personales del usuario a trav\u00e9s de una observaci\u00f3n continuada de sus h\u00e1bitos de navegaci\u00f3n, permitiendo el desarrollo de un perfil espec\u00edfico.<\/li>\n<\/ul>\n<ol start=\"3\">\n<li><strong>Cookies que se utilizan en este Sitio Web<\/strong><\/li>\n<\/ol>\n<p>Este Sitio Web \u00fanicamente emplea cookies t\u00e9cnicas y funcionales para garantizar el correcto funcionamiento del Sitio Web. La desactivaci\u00f3n de las cookies puede afectar a la funcionalidad del Sitio Web.<\/p>\n<p><\/p>\n<table width=\"100%\">\n<tbody>\n<tr>\n<td colspan=\"4\" width=\"559\">\n<p><strong>COOKIES T\u00c9CNICAS Y FUNCIONALES<\/strong><\/p>\n<p><strong>&nbsp;<\/strong><\/p>\n<\/td>\n<\/tr>\n<tr>\n<td width=\"144\"><strong>Nombre de la cookie<\/strong><\/td>\n<td width=\"94\"><strong>Proveedor<\/strong><\/td>\n<td width=\"224\"><strong>Finalidad<\/strong><\/td>\n<td width=\"97\"><strong>Caducidad<\/strong><\/td>\n<\/tr>\n<tr>\n<td width=\"144\">moove_gdpr_popup<\/td>\n<td width=\"94\"><a href=\"https:\/\/www.mooveagency.com\/privacy-policy\/\">Moove<\/a><\/td>\n<td width=\"224\">Cookie funcional empleada con la finalidad de recabar el consentimiento de los usuarios sobre el empleo de cookies.<\/td>\n<td width=\"97\">Sesi\u00f3n<\/td>\n<\/tr>\n<tr>\n<td width=\"144\">csrfToken<\/td>\n<td width=\"94\">&nbsp;<\/td>\n<td width=\"224\">Cookie funcional para establecer una conexi\u00f3n segura entre cliente y servidor a trav\u00e9s de una contrase\u00f1a cifrada segura.<\/td>\n<td width=\"97\">1 a\u00f1o<\/td>\n<\/tr>\n<tr>\n<td colspan=\"4\" width=\"559\"><strong>COOKIES DE AN\u00c1LISIS O MEDICI\u00d3N<\/strong><\/td>\n<\/tr>\n<tr>\n<td width=\"144\">trx_addons_is_retina<\/td>\n<td width=\"94\"><a href=\"https:\/\/themerex.net\/privacy-policy\/?lang=es\">ThemeREX<\/a><\/td>\n<td width=\"224\">Cookie de an\u00e1lisis utilizada para verificar si el usuario tiene una pantalla retina.<\/td>\n<td width=\"97\">1 a\u00f1o<\/td>\n<\/tr>\n<\/tbody>\n<\/table>\n<ol start=\"4\">\n<li><strong>Configuraci\u00f3n del navegador<\/strong><\/li>\n<\/ol>\n<p>Puede usted permitir, bloquear o eliminar las cookies instaladas en su equipo mediante la configuraci\u00f3n de las opciones del navegador instalado en su equipo. A continuaci\u00f3n le proporcionamos informaci\u00f3n a relativa sobre los navegadores m\u00e1s comerciales:<\/p>\n<p><\/p>\n<ul>\n<li>Para m\u00e1s informaci\u00f3n sobre Microsoft Internet Explorer pulse <a href=\"http:\/\/windows.microsoft.com\/es-es\/windows-vista\/block-or-allow-cookies\">aqu\u00ed<\/a>.<\/li>\n<li>Para m\u00e1s informaci\u00f3n sobre Mozilla Firefox pulse <a href=\"https:\/\/support.mozilla.org\/es\/kb\/habilitar-y-deshabilitar-cookies-que-los-sitios-we\">aqu\u00ed<\/a>.<\/li>\n<li>Para m\u00e1s informaci\u00f3n sobre Google Chrome pulse <a href=\"https:\/\/support.google.com\/chrome\/answer\/95647?hl=es\">aqu\u00ed<\/a>.<\/li>\n<li>Para m\u00e1s informaci\u00f3n sobre Safari pulse <a href=\"http:\/\/support.apple.com\/kb\/ph5042\">aqu\u00ed<\/a>.<\/li>\n<\/ul>\n<ol start=\"5\">\n<li><strong>Cambios en la Pol\u00edtica de Cookies<\/strong><\/li>\n<\/ol>\n<p>La presente Pol\u00edtica de Cookies podr\u00e1 ser modificada en virtud de cualquier cambio legal o jurisprudencial que se produzca en relaci\u00f3n a las cookies o por cualquiera otra circunstancia.<\/p>\n<p><\/p>\n<p>Las modificaciones de la Pol\u00edtica de Cookies ser\u00e1n debidamente publicadas en la p\u00e1gina principal de nuestro Sitio Web<\/p>\t\t\t\t\t\t\t\t<\/div>\n\t\t\t\t<\/div>\n\t\t\t\t\t<\/div>\n\t\t<\/div>\n\t\t\t\t\t<\/div>\n\t\t<\/section>\n\t\t\t\t<\/div>\n\t\t","protected":false},"excerpt":{"rendered":"<p>Informaci\u00f3n general El sitio web http:\/\/www.faemclm.es\/ (el \u201cSitio Web\u201d) utiliza cookies con el objetivo de optimizar la experiencia del usuario y garantizar la navegabilidad y prestaci\u00f3n de los servicios interactivos [&hellip;]<\/p>\n","protected":false},"author":1,"featured_media":0,"parent":0,"menu_order":0,"comment_status":"closed","ping_status":"closed","template":"","meta":{"site-sidebar-layout":"default","site-content-layout":"","ast-site-content-layout":"default","site-content-style":"default","site-sidebar-style":"default","ast-global-header-display":"","ast-banner-title-visibility":"","ast-main-header-display":"","ast-hfb-above-header-display":"","ast-hfb-below-header-display":"","ast-hfb-mobile-header-display":"","site-post-title":"","ast-breadcrumbs-content":"","ast-featured-img":"","footer-sml-layout":"","ast-disable-related-posts":"","theme-transparent-header-meta":"","adv-header-id-meta":"","stick-header-meta":"","header-above-stick-meta":"","header-main-stick-meta":"","header-below-stick-meta":"","astra-migrate-meta-layouts":"default","ast-page-background-enabled":"default","ast-page-background-meta":{"desktop":{"background-color":"var(--ast-global-color-5)","background-image":"","background-repeat":"repeat","background-position":"center center","background-size":"auto","background-attachment":"scroll","background-type":"","background-media":"","overlay-type":"","overlay-color":"","overlay-opacity":"","overlay-gradient":""},"tablet":{"background-color":"","background-image":"","background-repeat":"repeat","background-position":"center center","background-size":"auto","background-attachment":"scroll","background-type":"","background-media":"","overlay-type":"","overlay-color":"","overlay-opacity":"","overlay-gradient":""},"mobile":{"background-color":"","background-image":"","background-repeat":"repeat","background-position":"center center","background-size":"auto","background-attachment":"scroll","background-type":"","background-media":"","overlay-type":"","overlay-color":"","overlay-opacity":"","overlay-gradient":""}},"ast-content-background-meta":{"desktop":{"background-color":"var(--ast-global-color-4)","background-image":"","background-repeat":"repeat","background-position":"center center","background-size":"auto","background-attachment":"scroll","background-type":"","background-media":"","overlay-type":"","overlay-color":"","overlay-opacity":"","overlay-gradient":""},"tablet":{"background-color":"var(--ast-global-color-4)","background-image":"","background-repeat":"repeat","background-position":"center center","background-size":"auto","background-attachment":"scroll","background-type":"","background-media":"","overlay-type":"","overlay-color":"","overlay-opacity":"","overlay-gradient":""},"mobile":{"background-color":"var(--ast-global-color-4)","background-image":"","background-repeat":"repeat","background-position":"center center","background-size":"auto","background-attachment":"scroll","background-type":"","background-media":"","overlay-type":"","overlay-color":"","overlay-opacity":"","overlay-gradient":""}},"_EventAllDay":false,"_EventTimezone":"","_EventStartDate":"","_EventEndDate":"","_EventStartDateUTC":"","_EventEndDateUTC":"","_EventShowMap":false,"_EventShowMapLink":false,"_EventURL":"","_EventCost":"","_EventCostDescription":"","_EventCurrencySymbol":"","_EventCurrencyCode":"","_EventCurrencyPosition":"","_EventDateTimeSeparator":"","_EventTimeRangeSeparator":"","_EventOrganizerID":[],"_EventVenueID":[],"_OrganizerEmail":"","_OrganizerPhone":"","_OrganizerWebsite":"","_VenueAddress":"","_VenueCity":"","_VenueCountry":"","_VenueProvince":"","_VenueState":"","_VenueZip":"","_VenuePhone":"","_VenueURL":"","_VenueStateProvince":"","_VenueLat":"","_VenueLng":"","_VenueShowMap":false,"_VenueShowMapLink":false,"footnotes":""},"class_list":["post-2774","page","type-page","status-publish","hentry"],"_links":{"self":[{"href":"https:\/\/faemclm.es\/feriaxxviii\/wp-json\/wp\/v2\/pages\/2774","targetHints":{"allow":["GET"]}}],"collection":[{"href":"https:\/\/faemclm.es\/feriaxxviii\/wp-json\/wp\/v2\/pages"}],"about":[{"href":"https:\/\/faemclm.es\/feriaxxviii\/wp-json\/wp\/v2\/types\/page"}],"author":[{"embeddable":true,"href":"https:\/\/faemclm.es\/feriaxxviii\/wp-json\/wp\/v2\/users\/1"}],"replies":[{"embeddable":true,"href":"https:\/\/faemclm.es\/feriaxxviii\/wp-json\/wp\/v2\/comments?post=2774"}],"version-history":[{"count":24,"href":"https:\/\/faemclm.es\/feriaxxviii\/wp-json\/wp\/v2\/pages\/2774\/revisions"}],"predecessor-version":[{"id":5894,"href":"https:\/\/faemclm.es\/feriaxxviii\/wp-json\/wp\/v2\/pages\/2774\/revisions\/5894"}],"wp:attachment":[{"href":"https:\/\/faemclm.es\/feriaxxviii\/wp-json\/wp\/v2\/media?parent=2774"}],"curies":[{"name":"wp","href":"https:\/\/api.w.org\/{rel}","templated":true}]}}