{"id":2786,"date":"2022-10-11T17:43:16","date_gmt":"2022-10-11T15:43:16","guid":{"rendered":"https:\/\/faemclm.es\/?page_id=2786"},"modified":"2024-02-05T11:44:37","modified_gmt":"2024-02-05T10:44:37","slug":"aviso-legal","status":"publish","type":"page","link":"https:\/\/faemclm.es\/feriaxxviii\/aviso-legal\/","title":{"rendered":"Aviso legal"},"content":{"rendered":"\t\t<div data-elementor-type=\"wp-page\" data-elementor-id=\"2786\" class=\"elementor elementor-2786\">\n\t\t\t\t\t\t<section class=\"elementor-section elementor-top-section elementor-element elementor-element-51a8941 elementor-section-boxed elementor-section-height-default elementor-section-height-default\" data-id=\"51a8941\" data-element_type=\"section\" data-e-type=\"section\">\n\t\t\t\t\t\t<div class=\"elementor-container elementor-column-gap-default\">\n\t\t\t\t\t<div class=\"elementor-column elementor-col-100 elementor-top-column elementor-element elementor-element-0f2652d\" data-id=\"0f2652d\" data-element_type=\"column\" data-e-type=\"column\">\n\t\t\t<div class=\"elementor-widget-wrap elementor-element-populated\">\n\t\t\t\t\t\t<div class=\"elementor-element elementor-element-cb52518 elementor-widget elementor-widget-text-editor\" data-id=\"cb52518\" data-element_type=\"widget\" data-e-type=\"widget\" data-widget_type=\"text-editor.default\">\n\t\t\t\t<div class=\"elementor-widget-container\">\n\t\t\t\t\t\t\t\t\t<p>El presente aviso legal regula el acceso y el uso de la p\u00e1gina web <a href=\"http:\/\/www.faemclm.es\">www.faemclm.es<\/a> (el \u201c<strong>Sitio Web<\/strong>\u201d), de la cual es titular y responsable la Fundaci\u00f3n Impulsa Castilla-La Mancha (\u201c<strong>Fundaci\u00f3n Impulsa CLM<\/strong>\u201d).<\/p>\n<p><\/p>\n<p>En cumplimiento de lo dispuesto por el art\u00edculo 10 de la Ley 34\/2002, de 11 de julio, de Servicios de la Sociedad de la Informaci\u00f3n y Comercio Electr\u00f3nico, le informamos de los siguientes aspectos:<\/p>\n<p><\/p>\n<ul>\n<li><strong>Titular:<\/strong> Fundaci\u00f3n Impulsa Castilla-La Mancha<\/li>\n<li><strong>NIF:<\/strong> G45418985 &#8211; Inscrita en el registro mercantil de Registro de Fundaciones de CLM, inscripci\u00f3n TO 066.<\/li><\/ul>\n<ul>\n<li><strong>Domicilio:<\/strong> Ronda de Buenavista, n\u00ba 47, 1\u00aa planta, 45005, Toledo &#8211; Espa\u00f1a.<\/li>\n<li><strong>Correo electr\u00f3nico: <\/strong><a href=\"mailto:info@iclm.es\">info@iclm.es<\/a><\/li>\n<li><strong>Tel\u00e9fono de contacto: <\/strong>925 336770<\/li>\n<li><strong>Sitio Web:<\/strong> <a href=\"http:\/\/www.iclm.es\">iclm.es<\/a><\/li>\n<\/ul>\n<p>El uso del Sitio Web le atribuye la condici\u00f3n de usuario de la misma (el \u201c<strong>Usuario<\/strong>\u201d), e implica asimismo la expresa y plena aceptaci\u00f3n de las condiciones reflejadas en el presente Aviso Legal por su parte, debiendo \u00e9ste actuar de una manera acorde con la Ley, la moral, las buenas costumbres generalmente aceptadas y el orden p\u00fablico.<\/p>\n<p><\/p>\n<p>Fundaci\u00f3n Impulsa CLM se reserva el derecho de efectuar sin previo aviso las modificaciones que considere oportunas en el Sitio Web, pudiendo cambiar, suprimir o a\u00f1adir tanto los contenidos y servicios que se presten a trav\u00e9s de la misma como la forma en la que \u00e9stos aparezcan presentados o localizados en la misma.<\/p>\n<p><strong>Contenidos<\/strong><\/p>\n<p><strong>&nbsp;<\/strong><span style=\"font-size: 17px;\">El Sitio Web en su totalidad, incluyendo sin exclusi\u00f3n alguna su dise\u00f1o, estructura y distribuci\u00f3n, textos y contenidos, logotipos, botones, im\u00e1genes, dibujos, c\u00f3digo fuente, as\u00ed como todos los derechos de propiedad intelectual e industrial y cualquier otro signo distintivo, pertenecen o tienen como licenciataria a Fundaci\u00f3n Impulsa CLM o, en su caso, a las personas f\u00edsicas o jur\u00eddicas que figuran como autores o titulares de los derechos, o de sus licenciantes.<\/span><\/p>\n<p><\/p>\n<p>El Usuario se compromete a respetar estos derechos. Podr\u00e1 visualizar los elementos del Sitio Web e incluso imprimirlos, copiarlos y almacenarlos en el disco duro de su ordenador o en cualquier otro soporte f\u00edsico siempre y cuando sea, \u00fanica y exclusivamente, para su uso personal y privado, quedando por tanto terminantemente prohibida la transformaci\u00f3n, distribuci\u00f3n, comunicaci\u00f3n p\u00fablica, puesta a disposici\u00f3n o cualquier otra forma de explotaci\u00f3n, as\u00ed como su modificaci\u00f3n, alteraci\u00f3n o descompilaci\u00f3n.<\/p>\n<p><\/p>\n<p>Fundaci\u00f3n Impulsa CLM no asumir\u00e1 responsabilidad alguna respecto de los derechos de propiedad intelectual o industrial titularidad de terceros que se vean infringidos por el Usuario.<\/p>\n<p><\/p>\n<p><strong>Limitaci\u00f3n de responsabilidad<\/strong><\/p>\n<p>El Sitio Web gestionado por Fundaci\u00f3n Impulsa CLM tiene como finalidad, entre otras, poner a disposici\u00f3n del Usuario informaci\u00f3n relativa a la XXVIII Feria de las Artes Esc\u00e9nicas y Musicales de Castilla-La Mancha, as\u00ed como de servicios asociados a dicho evento. Fundaci\u00f3n Impulsa CLM no asume responsabilidad alguna en relaci\u00f3n con la informaci\u00f3n incluida en \u00e9sta p\u00e1gina, en el sentido de no garantizar la inexistencia de errores en el acceso a su Sitio Web o en el contenido de \u00e9ste. No se garantiza que el mismo&nbsp; se encuentre totalmente actualizado, aunque desarrollar\u00e1 los esfuerzos precisos para evitar tal situaci\u00f3n, y en su caso, subsanar y actualizar el referido contenido a la mayor brevedad posible.<\/p>\n<p><\/p>\n<p>Cabe la posibilidad de que el Sitio Web ponga a disposici\u00f3n de los usuarios enlaces (mediante links, banners, botones u otra clase de recurso t\u00e9cnica) que les permita acceder, mediante re-direccionamiento, a p\u00e1ginas web gestionadas por terceros. En \u00e9ste sentido, Fundaci\u00f3n Impulsa CLM no ser\u00e1 responsable respecto a la informaci\u00f3n que se halle fuera del Sitio Web. Asimismo, el Usuario debe tener en cuenta que Fundaci\u00f3n Impulsa CLM no es responsable de las pr\u00e1cticas de privacidad de esas otras p\u00e1ginas webs, por lo que recomendamos que sea consciente de que al utilizar uno de estos links est\u00e1 abandonando el Sitio Web y, por consiguiente, debe leer las pol\u00edticas de privacidad de esas otras p\u00e1ginas webs, en especial si se recaban en ellas datos de car\u00e1cter personal.<\/p>\n<p><\/p>\n<p><strong>Exenci\u00f3n de responsabilidad por el funcionamiento del Sitio Web<\/strong><\/p>\n<p>Fundaci\u00f3n Impulsa CLM no garantiza que el Sitio Web vaya a funcionar de forma constante, fiable y correcta, sin retrasos o interrupciones, por lo que no se hace responsable de los da\u00f1os y perjuicios que puedan derivarse de los posibles fallos en disponibilidad y continuidad t\u00e9cnica del Sitio Web.<\/p>\n<p><\/p>\n<p>Fundaci\u00f3n Impulsa CLM no se responsabiliza de da\u00f1os, perjuicios y\/o beneficios dejados de obtener por el Usuario o cualquier otro tercero que se vea perjudicado a consecuencia de cualquier circunstancia de fuerza mayor, caso fortuito, fallo o error de las l\u00edneas de comunicaci\u00f3n, o de la prestaci\u00f3n defectuosa del servicio o fallo en la red de Internet.<\/p>\n<p><\/p>\n<p>Fundaci\u00f3n Impulsa CLM no controla ni garantiza la ausencia de virus ni de otros elementos en los Contenidos que puedan producir alteraciones en el sistema inform\u00e1tico (software y hardware) o en los documentos electr\u00f3nicos y ficheros almacenados en el sistema inform\u00e1tico del Usuario.<\/p>\n<p><\/p>\n<p><strong>Protecci\u00f3n de datos<\/strong><\/p>\n<p>A efectos de interactuar con Fundaci\u00f3n Impulsa CLM a trav\u00e9s del Sitio Web, es posible que el Usuario deba facilitar una serie de datos de car\u00e1cter personal que ser\u00e1n tratados para las distintas finalidades previstas en cada caso. En \u00e9ste sentido, le informamos de que todo tratamiento de datos de car\u00e1cter personal se regir\u00e1 por lo establecido en la normativa vigente en materia de protecci\u00f3n de datos, pudiendo el Usuario, asimismo, obtener m\u00e1s informaci\u00f3n sobre \u00e9ste aspecto en el enlace a la <u>Pol\u00edtica de Privacidad<\/u> que se facilita en el Sitio Web.<\/p>\n<p><\/p>\n<p><strong>Cookies<\/strong><\/p>\n<p>Una cookie es un peque\u00f1o programa o archivo susceptible de ser instalado en los dispositivos que emplee el Usuario al acceder a una p\u00e1gina web, posibilitando el almacenamiento y retirada de informaci\u00f3n de dichos dispositivos.<\/p>\n<p><\/p>\n<p>En relaci\u00f3n con lo anterior, el empleo de cookies en el Sitio Web quedar\u00e1 sujeto a lo establecido en la <u>Pol\u00edtica de Cookies<\/u>.<\/p>\n<p><\/p>\t\t\t\t\t\t\t\t<\/div>\n\t\t\t\t<\/div>\n\t\t\t\t\t<\/div>\n\t\t<\/div>\n\t\t\t\t\t<\/div>\n\t\t<\/section>\n\t\t\t\t<\/div>\n\t\t","protected":false},"excerpt":{"rendered":"<p>El presente aviso legal regula el acceso y el uso de la p\u00e1gina web www.faemclm.es (el \u201cSitio Web\u201d), de la cual es titular y responsable la Fundaci\u00f3n Impulsa Castilla-La Mancha [&hellip;]<\/p>\n","protected":false},"author":1,"featured_media":0,"parent":0,"menu_order":0,"comment_status":"closed","ping_status":"closed","template":"","meta":{"site-sidebar-layout":"default","site-content-layout":"","ast-site-content-layout":"default","site-content-style":"default","site-sidebar-style":"default","ast-global-header-display":"","ast-banner-title-visibility":"","ast-main-header-display":"","ast-hfb-above-header-display":"","ast-hfb-below-header-display":"","ast-hfb-mobile-header-display":"","site-post-title":"","ast-breadcrumbs-content":"","ast-featured-img":"","footer-sml-layout":"","ast-disable-related-posts":"","theme-transparent-header-meta":"","adv-header-id-meta":"","stick-header-meta":"","header-above-stick-meta":"","header-main-stick-meta":"","header-below-stick-meta":"","astra-migrate-meta-layouts":"default","ast-page-background-enabled":"default","ast-page-background-meta":{"desktop":{"background-color":"var(--ast-global-color-5)","background-image":"","background-repeat":"repeat","background-position":"center center","background-size":"auto","background-attachment":"scroll","background-type":"","background-media":"","overlay-type":"","overlay-color":"","overlay-opacity":"","overlay-gradient":""},"tablet":{"background-color":"","background-image":"","background-repeat":"repeat","background-position":"center center","background-size":"auto","background-attachment":"scroll","background-type":"","background-media":"","overlay-type":"","overlay-color":"","overlay-opacity":"","overlay-gradient":""},"mobile":{"background-color":"","background-image":"","background-repeat":"repeat","background-position":"center center","background-size":"auto","background-attachment":"scroll","background-type":"","background-media":"","overlay-type":"","overlay-color":"","overlay-opacity":"","overlay-gradient":""}},"ast-content-background-meta":{"desktop":{"background-color":"var(--ast-global-color-4)","background-image":"","background-repeat":"repeat","background-position":"center center","background-size":"auto","background-attachment":"scroll","background-type":"","background-media":"","overlay-type":"","overlay-color":"","overlay-opacity":"","overlay-gradient":""},"tablet":{"background-color":"var(--ast-global-color-4)","background-image":"","background-repeat":"repeat","background-position":"center center","background-size":"auto","background-attachment":"scroll","background-type":"","background-media":"","overlay-type":"","overlay-color":"","overlay-opacity":"","overlay-gradient":""},"mobile":{"background-color":"var(--ast-global-color-4)","background-image":"","background-repeat":"repeat","background-position":"center center","background-size":"auto","background-attachment":"scroll","background-type":"","background-media":"","overlay-type":"","overlay-color":"","overlay-opacity":"","overlay-gradient":""}},"_EventAllDay":false,"_EventTimezone":"","_EventStartDate":"","_EventEndDate":"","_EventStartDateUTC":"","_EventEndDateUTC":"","_EventShowMap":false,"_EventShowMapLink":false,"_EventURL":"","_EventCost":"","_EventCostDescription":"","_EventCurrencySymbol":"","_EventCurrencyCode":"","_EventCurrencyPosition":"","_EventDateTimeSeparator":"","_EventTimeRangeSeparator":"","_EventOrganizerID":[],"_EventVenueID":[],"_OrganizerEmail":"","_OrganizerPhone":"","_OrganizerWebsite":"","_VenueAddress":"","_VenueCity":"","_VenueCountry":"","_VenueProvince":"","_VenueState":"","_VenueZip":"","_VenuePhone":"","_VenueURL":"","_VenueStateProvince":"","_VenueLat":"","_VenueLng":"","_VenueShowMap":false,"_VenueShowMapLink":false,"footnotes":""},"class_list":["post-2786","page","type-page","status-publish","hentry"],"_links":{"self":[{"href":"https:\/\/faemclm.es\/feriaxxviii\/wp-json\/wp\/v2\/pages\/2786","targetHints":{"allow":["GET"]}}],"collection":[{"href":"https:\/\/faemclm.es\/feriaxxviii\/wp-json\/wp\/v2\/pages"}],"about":[{"href":"https:\/\/faemclm.es\/feriaxxviii\/wp-json\/wp\/v2\/types\/page"}],"author":[{"embeddable":true,"href":"https:\/\/faemclm.es\/feriaxxviii\/wp-json\/wp\/v2\/users\/1"}],"replies":[{"embeddable":true,"href":"https:\/\/faemclm.es\/feriaxxviii\/wp-json\/wp\/v2\/comments?post=2786"}],"version-history":[{"count":9,"href":"https:\/\/faemclm.es\/feriaxxviii\/wp-json\/wp\/v2\/pages\/2786\/revisions"}],"predecessor-version":[{"id":5767,"href":"https:\/\/faemclm.es\/feriaxxviii\/wp-json\/wp\/v2\/pages\/2786\/revisions\/5767"}],"wp:attachment":[{"href":"https:\/\/faemclm.es\/feriaxxviii\/wp-json\/wp\/v2\/media?parent=2786"}],"curies":[{"name":"wp","href":"https:\/\/api.w.org\/{rel}","templated":true}]}}