{"id":2893,"date":"2022-10-11T18:49:30","date_gmt":"2022-10-11T16:49:30","guid":{"rendered":"https:\/\/faemclm.es\/?page_id=2893"},"modified":"2024-02-13T10:42:50","modified_gmt":"2024-02-13T09:42:50","slug":"saluda","status":"publish","type":"page","link":"https:\/\/faemclm.es\/feriaxxviii\/saluda\/","title":{"rendered":"Saluda"},"content":{"rendered":"\t\t<div data-elementor-type=\"wp-page\" data-elementor-id=\"2893\" class=\"elementor elementor-2893\">\n\t\t\t\t\t\t<section class=\"elementor-section elementor-top-section elementor-element elementor-element-9820723 elementor-section-boxed elementor-section-height-default elementor-section-height-default\" data-id=\"9820723\" data-element_type=\"section\" data-e-type=\"section\">\n\t\t\t\t\t\t<div class=\"elementor-container elementor-column-gap-default\">\n\t\t\t\t\t<div class=\"elementor-column elementor-col-100 elementor-top-column elementor-element elementor-element-9e23945\" data-id=\"9e23945\" data-element_type=\"column\" data-e-type=\"column\">\n\t\t\t<div class=\"elementor-widget-wrap elementor-element-populated\">\n\t\t\t\t\t\t<div class=\"elementor-element elementor-element-c1f6515 elementor-widget elementor-widget-text-editor\" data-id=\"c1f6515\" data-element_type=\"widget\" data-e-type=\"widget\" data-widget_type=\"text-editor.default\">\n\t\t\t\t<div class=\"elementor-widget-container\">\n\t\t\t\t\t\t\t\t\t<figure style=\"width: 370px\" class=\"wp-caption alignleft\"><img fetchpriority=\"high\" decoding=\"async\" src=\"https:\/\/faemclm.es\/wp-content\/uploads\/2024\/02\/Foto-Amador-Pastor-Consejero-Educacion-370x370.jpg\" alt=\"Amador Pastor Noheda, Consejero de Educaci\u00f3n, Cultura y Deportes\" width=\"370\" height=\"370\" \/><figcaption class=\"wp-caption-text\">Amador Pastor Noheda, (Consejero de Educaci\u00f3n, Cultura y Deportes)<\/figcaption><\/figure><p>Sembrar la semilla del gusto por las artes esc\u00e9nicas y por la m\u00fasica no es tarea f\u00e1cil, hay que conseguirlo desde la familia, desde la escuela y desde la sociedad. Para que esa semilla brote y crezca, hay que regarla y ser constante durante muchos a\u00f1os. En Castilla-La Mancha conocemos esa dificultad y por ello no cejamos en promocionar y alentar a las compa\u00f1\u00edas castellanomanchegas y su trabajo, especialmente, en la Feria de Artes Esc\u00e9nicas y Musicales que se lleva a cabo en Albacete y que este a\u00f1o cumple su 28\u00aa edici\u00f3n. Desde el 9 al 12 de abril de este a\u00f1o, regresa este espacio de exhibici\u00f3n y descubrimiento, este lugar de encuentro entre profesionales de las artes esc\u00e9nicas, este canal de distribuci\u00f3n \u00fanico en la regi\u00f3n y de asistencia obligada a todas aquellas personas que buscan propuestas de calidad.<\/p><p>El Gobierno regional considera el ocio como parte de nuestra libertad, responsabilidad y como un valor en s\u00ed mismo, as\u00ed como una actividad que forma parte de nuestras vidas y no como un mero momento de asueto, y por ese respeto al ocio cultural que merece el p\u00fablico, la programaci\u00f3n propuesta en esta feria este a\u00f1o es excelente. Contaremos con 21 espect\u00e1culos, 11 de ellos de compa\u00f1\u00edas castellanomanchegas. Ser\u00e1 la \u00fanica feria que incluya todas las artes esc\u00e9nicas y la m\u00fasica: t\u00edteres, danza, circo, teatro y conciertos, as\u00ed como espect\u00e1culos de calle y los destinados para el p\u00fablico infantil. Adem\u00e1s, se organizar\u00e1n encuentros entre gestores\/as y cursos de formaci\u00f3n para profesionales. Podemos decir que la Feria de Artes Esc\u00e9nicas y M\u00fasica de CLM es ya un referente nacional para distribuidoras, productoras y compa\u00f1\u00edas de toda Espa\u00f1a, como demuestran los 337 instituciones inscritas en la edici\u00f3n anterior.<\/p><p>En esta 28\u00aa edici\u00f3n tendremos un extra a\u00f1adido: nos haremos eco del centenario del nacimiento de nuestro dramaturgo Francisco Nieva, celebr\u00e1ndolo con una exposici\u00f3n y diversos actos.<\/p><p>Estoy convencido de que, como cada edici\u00f3n, esta supere la anterior y, se a\u00f1ade adem\u00e1s, que el lugar, la gastronom\u00eda y las gentes de Albacete sea tambi\u00e9n un aditamento perfecto para este encuentro.<\/p>\t\t\t\t\t\t\t\t<\/div>\n\t\t\t\t<\/div>\n\t\t\t\t\t<\/div>\n\t\t<\/div>\n\t\t\t\t\t<\/div>\n\t\t<\/section>\n\t\t\t\t<\/div>\n\t\t","protected":false},"excerpt":{"rendered":"<p>Sembrar la semilla del gusto por las artes esc\u00e9nicas y por la m\u00fasica no es tarea f\u00e1cil, hay que conseguirlo desde la familia, desde la escuela y desde la sociedad. [&hellip;]<\/p>\n","protected":false},"author":1,"featured_media":0,"parent":0,"menu_order":0,"comment_status":"closed","ping_status":"closed","template":"","meta":{"site-sidebar-layout":"default","site-content-layout":"","ast-site-content-layout":"default","site-content-style":"default","site-sidebar-style":"default","ast-global-header-display":"","ast-banner-title-visibility":"","ast-main-header-display":"","ast-hfb-above-header-display":"","ast-hfb-below-header-display":"","ast-hfb-mobile-header-display":"","site-post-title":"","ast-breadcrumbs-content":"","ast-featured-img":"","footer-sml-layout":"","ast-disable-related-posts":"","theme-transparent-header-meta":"","adv-header-id-meta":"","stick-header-meta":"","header-above-stick-meta":"","header-main-stick-meta":"","header-below-stick-meta":"","astra-migrate-meta-layouts":"default","ast-page-background-enabled":"default","ast-page-background-meta":{"desktop":{"background-color":"var(--ast-global-color-5)","background-image":"","background-repeat":"repeat","background-position":"center center","background-size":"auto","background-attachment":"scroll","background-type":"","background-media":"","overlay-type":"","overlay-color":"","overlay-opacity":"","overlay-gradient":""},"tablet":{"background-color":"","background-image":"","background-repeat":"repeat","background-position":"center center","background-size":"auto","background-attachment":"scroll","background-type":"","background-media":"","overlay-type":"","overlay-color":"","overlay-opacity":"","overlay-gradient":""},"mobile":{"background-color":"","background-image":"","background-repeat":"repeat","background-position":"center center","background-size":"auto","background-attachment":"scroll","background-type":"","background-media":"","overlay-type":"","overlay-color":"","overlay-opacity":"","overlay-gradient":""}},"ast-content-background-meta":{"desktop":{"background-color":"var(--ast-global-color-4)","background-image":"","background-repeat":"repeat","background-position":"center center","background-size":"auto","background-attachment":"scroll","background-type":"","background-media":"","overlay-type":"","overlay-color":"","overlay-opacity":"","overlay-gradient":""},"tablet":{"background-color":"var(--ast-global-color-4)","background-image":"","background-repeat":"repeat","background-position":"center center","background-size":"auto","background-attachment":"scroll","background-type":"","background-media":"","overlay-type":"","overlay-color":"","overlay-opacity":"","overlay-gradient":""},"mobile":{"background-color":"var(--ast-global-color-4)","background-image":"","background-repeat":"repeat","background-position":"center center","background-size":"auto","background-attachment":"scroll","background-type":"","background-media":"","overlay-type":"","overlay-color":"","overlay-opacity":"","overlay-gradient":""}},"_EventAllDay":false,"_EventTimezone":"","_EventStartDate":"","_EventEndDate":"","_EventStartDateUTC":"","_EventEndDateUTC":"","_EventShowMap":false,"_EventShowMapLink":false,"_EventURL":"","_EventCost":"","_EventCostDescription":"","_EventCurrencySymbol":"","_EventCurrencyCode":"","_EventCurrencyPosition":"","_EventDateTimeSeparator":"","_EventTimeRangeSeparator":"","_EventOrganizerID":[],"_EventVenueID":[],"_OrganizerEmail":"","_OrganizerPhone":"","_OrganizerWebsite":"","_VenueAddress":"","_VenueCity":"","_VenueCountry":"","_VenueProvince":"","_VenueState":"","_VenueZip":"","_VenuePhone":"","_VenueURL":"","_VenueStateProvince":"","_VenueLat":"","_VenueLng":"","_VenueShowMap":false,"_VenueShowMapLink":false,"footnotes":""},"class_list":["post-2893","page","type-page","status-publish","hentry"],"_links":{"self":[{"href":"https:\/\/faemclm.es\/feriaxxviii\/wp-json\/wp\/v2\/pages\/2893","targetHints":{"allow":["GET"]}}],"collection":[{"href":"https:\/\/faemclm.es\/feriaxxviii\/wp-json\/wp\/v2\/pages"}],"about":[{"href":"https:\/\/faemclm.es\/feriaxxviii\/wp-json\/wp\/v2\/types\/page"}],"author":[{"embeddable":true,"href":"https:\/\/faemclm.es\/feriaxxviii\/wp-json\/wp\/v2\/users\/1"}],"replies":[{"embeddable":true,"href":"https:\/\/faemclm.es\/feriaxxviii\/wp-json\/wp\/v2\/comments?post=2893"}],"version-history":[{"count":24,"href":"https:\/\/faemclm.es\/feriaxxviii\/wp-json\/wp\/v2\/pages\/2893\/revisions"}],"predecessor-version":[{"id":5834,"href":"https:\/\/faemclm.es\/feriaxxviii\/wp-json\/wp\/v2\/pages\/2893\/revisions\/5834"}],"wp:attachment":[{"href":"https:\/\/faemclm.es\/feriaxxviii\/wp-json\/wp\/v2\/media?parent=2893"}],"curies":[{"name":"wp","href":"https:\/\/api.w.org\/{rel}","templated":true}]}}