{"id":5695,"date":"2024-02-02T10:20:50","date_gmt":"2024-02-02T09:20:50","guid":{"rendered":"https:\/\/faemclm.es\/?page_id=5695"},"modified":"2024-03-13T18:09:35","modified_gmt":"2024-03-13T17:09:35","slug":"exposicion-teatro-del-privado-horror","status":"publish","type":"page","link":"https:\/\/faemclm.es\/feriaxxviii\/exposicion-teatro-del-privado-horror\/","title":{"rendered":"Exposici\u00f3n: Teatro del privado horror"},"content":{"rendered":"\t\t<div data-elementor-type=\"wp-page\" data-elementor-id=\"5695\" class=\"elementor elementor-5695\">\n\t\t\t\t\t\t<section class=\"elementor-section elementor-top-section elementor-element elementor-element-524de03 elementor-section-boxed elementor-section-height-default elementor-section-height-default\" data-id=\"524de03\" data-element_type=\"section\" data-e-type=\"section\">\n\t\t\t\t\t\t<div class=\"elementor-container elementor-column-gap-default\">\n\t\t\t\t\t<div class=\"elementor-column elementor-col-50 elementor-top-column elementor-element elementor-element-cec4123\" data-id=\"cec4123\" data-element_type=\"column\" data-e-type=\"column\">\n\t\t\t<div class=\"elementor-widget-wrap elementor-element-populated\">\n\t\t\t\t\t\t<div class=\"elementor-element elementor-element-53d14b5 elementor-widget elementor-widget-text-editor\" data-id=\"53d14b5\" data-element_type=\"widget\" data-e-type=\"widget\" data-widget_type=\"text-editor.default\">\n\t\t\t\t<div class=\"elementor-widget-container\">\n\t\t\t\t\t\t\t\t\t<p>La obra dram\u00e1tica de Francisco Nieva puede dividirse en dos grandes grupos, los que denomina \u00abTeatro furioso\u00bb y \u00abTeatro de farsa y calamidad\u00bb.<\/p><p><span style=\"font-size: 17px;\">Supone una reacci\u00f3n vigorosamente imaginativa y vitalista frente a la mediocridad del arte generado por las clases medias de la posguerra espa\u00f1ola, mediante un lenguaje y una escenograf\u00eda barroquizantes y poderosamente mediatizados por el magisterio de Valle-Incl\u00e1n, influjo que es s\u00f3lo uno entre los m\u00faltiples que asume su original\u00edsimo teatro.<\/span><\/p><p>Las im\u00e1genes de este TEATRO DEL PRIVADO HORROR son una muestra palpable de la enorme capacidad creativa de Nieva, de su imaginaci\u00f3n desbordante donde se mezclan los instintos m\u00e1s elementales con la mayor capacidad de abstracci\u00f3n. Entre la magia, el surrealismo, el absurdo, el esperpento, lo grotesco&#8230; surgen sue\u00f1os, pesadillas, anhelos&#8230; que se transforman despu\u00e9s en los personajes que pueblan su obra.\u00a0<\/p><p>Este TEATRO DEL PRIVADO HORROR es una fiesta de los sentidos.\u00a0<\/p>\t\t\t\t\t\t\t\t<\/div>\n\t\t\t\t<\/div>\n\t\t\t\t\t<\/div>\n\t\t<\/div>\n\t\t\t\t<div class=\"elementor-column elementor-col-50 elementor-top-column elementor-element elementor-element-3b0ab87\" data-id=\"3b0ab87\" data-element_type=\"column\" data-e-type=\"column\">\n\t\t\t<div class=\"elementor-widget-wrap elementor-element-populated\">\n\t\t\t\t\t\t<div class=\"elementor-element elementor-element-7123585 elementor-widget elementor-widget-image\" data-id=\"7123585\" data-element_type=\"widget\" data-e-type=\"widget\" data-widget_type=\"image.default\">\n\t\t\t\t<div class=\"elementor-widget-container\">\n\t\t\t\t\t\t\t\t\t\t\t\t\t\t\t\t<a href=\"https:\/\/faemclm.es\/wp-content\/uploads\/2024\/02\/expo01.jpg\" data-elementor-open-lightbox=\"yes\" data-elementor-lightbox-title=\"expo01\" data-e-action-hash=\"#elementor-action%3Aaction%3Dlightbox%26settings%3DeyJpZCI6NTcwNywidXJsIjoiaHR0cHM6XC9cL2ZhZW1jbG0uZXNcL2ZlcmlheHh2aWlpXC93cC1jb250ZW50XC91cGxvYWRzXC8yMDI0XC8wMlwvZXhwbzAxLmpwZyJ9\">\n\t\t\t\t\t\t\t<img fetchpriority=\"high\" decoding=\"async\" width=\"1272\" height=\"868\" src=\"https:\/\/faemclm.es\/feriaxxviii\/wp-content\/uploads\/2024\/02\/expo01.jpg\" class=\"attachment-full size-full wp-image-5707\" alt=\"\" srcset=\"https:\/\/faemclm.es\/feriaxxviii\/wp-content\/uploads\/2024\/02\/expo01.jpg 1272w, https:\/\/faemclm.es\/feriaxxviii\/wp-content\/uploads\/2024\/02\/expo01-300x205.jpg 300w, https:\/\/faemclm.es\/feriaxxviii\/wp-content\/uploads\/2024\/02\/expo01-1024x699.jpg 1024w, https:\/\/faemclm.es\/feriaxxviii\/wp-content\/uploads\/2024\/02\/expo01-768x524.jpg 768w, https:\/\/faemclm.es\/feriaxxviii\/wp-content\/uploads\/2024\/02\/expo01-370x252.jpg 370w, https:\/\/faemclm.es\/feriaxxviii\/wp-content\/uploads\/2024\/02\/expo01-812x554.jpg 812w, https:\/\/faemclm.es\/feriaxxviii\/wp-content\/uploads\/2024\/02\/expo01-406x277.jpg 406w\" sizes=\"(max-width: 1272px) 100vw, 1272px\" \/>\t\t\t\t\t\t\t\t<\/a>\n\t\t\t\t\t\t\t\t\t\t\t\t\t\t\t<\/div>\n\t\t\t\t<\/div>\n\t\t\t\t\t<\/div>\n\t\t<\/div>\n\t\t\t\t\t<\/div>\n\t\t<\/section>\n\t\t\t\t<section class=\"elementor-section elementor-top-section elementor-element elementor-element-21a8c9f elementor-section-boxed elementor-section-height-default elementor-section-height-default\" data-id=\"21a8c9f\" data-element_type=\"section\" data-e-type=\"section\">\n\t\t\t\t\t\t<div class=\"elementor-container elementor-column-gap-default\">\n\t\t\t\t\t<div class=\"elementor-column elementor-col-100 elementor-top-column elementor-element elementor-element-120011f\" data-id=\"120011f\" data-element_type=\"column\" data-e-type=\"column\">\n\t\t\t<div class=\"elementor-widget-wrap elementor-element-populated\">\n\t\t\t\t\t\t<div class=\"elementor-element elementor-element-e9b1cbf elementor-widget elementor-widget-heading\" data-id=\"e9b1cbf\" data-element_type=\"widget\" data-e-type=\"widget\" data-widget_type=\"heading.default\">\n\t\t\t\t<div class=\"elementor-widget-container\">\n\t\t\t\t\t<span class=\"elementor-heading-title elementor-size-default\">EL AUTOR: FRANCISCO NIEVA<\/span>\t\t\t\t<\/div>\n\t\t\t\t<\/div>\n\t\t\t\t\t<\/div>\n\t\t<\/div>\n\t\t\t\t\t<\/div>\n\t\t<\/section>\n\t\t\t\t<section class=\"elementor-section elementor-top-section elementor-element elementor-element-51c1306 elementor-section-boxed elementor-section-height-default elementor-section-height-default\" data-id=\"51c1306\" data-element_type=\"section\" data-e-type=\"section\">\n\t\t\t\t\t\t<div class=\"elementor-container elementor-column-gap-default\">\n\t\t\t\t\t<div class=\"elementor-column elementor-col-50 elementor-top-column elementor-element elementor-element-ec0e4dd\" data-id=\"ec0e4dd\" data-element_type=\"column\" data-e-type=\"column\">\n\t\t\t<div class=\"elementor-widget-wrap elementor-element-populated\">\n\t\t\t\t\t\t<div class=\"elementor-element elementor-element-b357ccb elementor-widget elementor-widget-image\" data-id=\"b357ccb\" data-element_type=\"widget\" data-e-type=\"widget\" data-widget_type=\"image.default\">\n\t\t\t\t<div class=\"elementor-widget-container\">\n\t\t\t\t\t\t\t\t\t\t\t\t\t\t\t<img decoding=\"async\" width=\"189\" height=\"331\" src=\"https:\/\/faemclm.es\/feriaxxviii\/wp-content\/uploads\/2024\/02\/fco-nieva.jpg\" class=\"attachment-full size-full wp-image-5717\" alt=\"\" srcset=\"https:\/\/faemclm.es\/feriaxxviii\/wp-content\/uploads\/2024\/02\/fco-nieva.jpg 189w, https:\/\/faemclm.es\/feriaxxviii\/wp-content\/uploads\/2024\/02\/fco-nieva-171x300.jpg 171w\" sizes=\"(max-width: 189px) 100vw, 189px\" \/>\t\t\t\t\t\t\t\t\t\t\t\t\t\t\t<\/div>\n\t\t\t\t<\/div>\n\t\t\t\t\t<\/div>\n\t\t<\/div>\n\t\t\t\t<div class=\"elementor-column elementor-col-50 elementor-top-column elementor-element elementor-element-c08f8bd\" data-id=\"c08f8bd\" data-element_type=\"column\" data-e-type=\"column\">\n\t\t\t<div class=\"elementor-widget-wrap elementor-element-populated\">\n\t\t\t\t\t\t<div class=\"elementor-element elementor-element-b747c93 elementor-widget elementor-widget-text-editor\" data-id=\"b747c93\" data-element_type=\"widget\" data-e-type=\"widget\" data-widget_type=\"text-editor.default\">\n\t\t\t\t<div class=\"elementor-widget-container\">\n\t\t\t\t\t\t\t\t\t<div class=\"page\" title=\"Page 3\">\n<div class=\"layoutArea\">\n<div class=\"column\">\n<p><span style=\"font-size: 17px;\">Valdepe\u00f1as, 29 diciembre 1924 \u2013 Madrid, 10 de noviembre de 2016 Intelectual polifac\u00e9tico nacido en Valdepe\u00f1as (Ciudad Real) en 1924. Dramaturgo, director esc\u00e9nico, escen\u00f3grafo, figurinista, pintor, ensayista, novelista&#8230; Se interes\u00f3 por los movimientos de vanguardia, el expresionismo y el surrealismo, habiendo estado vinculado al movimiento postista. Ha sido testigo del teatro europeo de vanguardia de la segunda mitad del siglo XX, por haber vivido en Par\u00eds, N\u00e1poles, Venecia&#8230; y entablar amistad con Antonin Artaud, Jean Genet, Peter Fonda, Beckett, Ionesco, Allen Ginsberg, Carlos Edmundo De Ory, Bertolt Brecht y Adamov, entre tantos otros.<\/span><br><\/p>\n<p>Autor de piezas teatrales como Coronada y sus hijas, El rayo colgado (1952), T\u00f3rtolas, crep\u00fasculo y&#8230; tel\u00f3n (1953), El coraz\u00f3n acelerado (1953), El maravilloso catarro de Lord Bashaville (1967), La se\u00f1ora t\u00e1rtara (1970), Funeral y pasacalle (1971), El combate de \u00d3palos y Tasia (1953), La Pascua negra (1955), El fandango asombroso (1961), El aquelarre del Pitiflauti (1961), Pelo de tormenta (1962), Es bueno no tener cabeza (1966) y La carroza de plomo candente (1971).<\/p>\n<p>Fue Acad\u00e9mico de la Lengua. Recibi\u00f3 el Premio Nacional de Teatro, Premio Nacional de Literatura, Premio Valle-Incl\u00e1n, Premio Pr\u00edncipe de Asturias de la Letras entre muchos otros.<\/p>\n<\/div>\n<\/div>\n<\/div>\t\t\t\t\t\t\t\t<\/div>\n\t\t\t\t<\/div>\n\t\t\t\t<div class=\"elementor-element elementor-element-dc3b010 elementor-button-danger elementor-align-center elementor-widget elementor-widget-button\" data-id=\"dc3b010\" data-element_type=\"widget\" data-e-type=\"widget\" data-widget_type=\"button.default\">\n\t\t\t\t<div class=\"elementor-widget-container\">\n\t\t\t\t\t\t\t\t\t<div class=\"elementor-button-wrapper\">\n\t\t\t\t\t<a class=\"elementor-button elementor-button-link elementor-size-md\" href=\"https:\/\/faemclm.es\/wp-content\/uploads\/2024\/02\/CATALOGO-EXPO.pdf\" target=\"_blank\">\n\t\t\t\t\t\t<span class=\"elementor-button-content-wrapper\">\n\t\t\t\t\t\t\t\t\t<span class=\"elementor-button-text\">Cat\u00e1logo<\/span>\n\t\t\t\t\t<\/span>\n\t\t\t\t\t<\/a>\n\t\t\t\t<\/div>\n\t\t\t\t\t\t\t\t<\/div>\n\t\t\t\t<\/div>\n\t\t\t\t\t<\/div>\n\t\t<\/div>\n\t\t\t\t\t<\/div>\n\t\t<\/section>\n\t\t\t\t<\/div>\n\t\t","protected":false},"excerpt":{"rendered":"<p>La obra dram\u00e1tica de Francisco Nieva puede dividirse en dos grandes grupos, los que denomina \u00abTeatro furioso\u00bb y \u00abTeatro de farsa y calamidad\u00bb. Supone una reacci\u00f3n vigorosamente imaginativa y vitalista [&hellip;]<\/p>\n","protected":false},"author":1,"featured_media":0,"parent":0,"menu_order":0,"comment_status":"closed","ping_status":"closed","template":"","meta":{"site-sidebar-layout":"default","site-content-layout":"","ast-site-content-layout":"default","site-content-style":"default","site-sidebar-style":"default","ast-global-header-display":"","ast-banner-title-visibility":"","ast-main-header-display":"","ast-hfb-above-header-display":"","ast-hfb-below-header-display":"","ast-hfb-mobile-header-display":"","site-post-title":"","ast-breadcrumbs-content":"","ast-featured-img":"","footer-sml-layout":"","ast-disable-related-posts":"","theme-transparent-header-meta":"","adv-header-id-meta":"","stick-header-meta":"","header-above-stick-meta":"","header-main-stick-meta":"","header-below-stick-meta":"","astra-migrate-meta-layouts":"default","ast-page-background-enabled":"default","ast-page-background-meta":{"desktop":{"background-color":"var(--ast-global-color-5)","background-image":"","background-repeat":"repeat","background-position":"center center","background-size":"auto","background-attachment":"scroll","background-type":"","background-media":"","overlay-type":"","overlay-color":"","overlay-opacity":"","overlay-gradient":""},"tablet":{"background-color":"","background-image":"","background-repeat":"repeat","background-position":"center center","background-size":"auto","background-attachment":"scroll","background-type":"","background-media":"","overlay-type":"","overlay-color":"","overlay-opacity":"","overlay-gradient":""},"mobile":{"background-color":"","background-image":"","background-repeat":"repeat","background-position":"center center","background-size":"auto","background-attachment":"scroll","background-type":"","background-media":"","overlay-type":"","overlay-color":"","overlay-opacity":"","overlay-gradient":""}},"ast-content-background-meta":{"desktop":{"background-color":"var(--ast-global-color-4)","background-image":"","background-repeat":"repeat","background-position":"center center","background-size":"auto","background-attachment":"scroll","background-type":"","background-media":"","overlay-type":"","overlay-color":"","overlay-opacity":"","overlay-gradient":""},"tablet":{"background-color":"var(--ast-global-color-4)","background-image":"","background-repeat":"repeat","background-position":"center center","background-size":"auto","background-attachment":"scroll","background-type":"","background-media":"","overlay-type":"","overlay-color":"","overlay-opacity":"","overlay-gradient":""},"mobile":{"background-color":"var(--ast-global-color-4)","background-image":"","background-repeat":"repeat","background-position":"center center","background-size":"auto","background-attachment":"scroll","background-type":"","background-media":"","overlay-type":"","overlay-color":"","overlay-opacity":"","overlay-gradient":""}},"_EventAllDay":false,"_EventTimezone":"","_EventStartDate":"","_EventEndDate":"","_EventStartDateUTC":"","_EventEndDateUTC":"","_EventShowMap":false,"_EventShowMapLink":false,"_EventURL":"","_EventCost":"","_EventCostDescription":"","_EventCurrencySymbol":"","_EventCurrencyCode":"","_EventCurrencyPosition":"","_EventDateTimeSeparator":"","_EventTimeRangeSeparator":"","_EventOrganizerID":[],"_EventVenueID":[],"_OrganizerEmail":"","_OrganizerPhone":"","_OrganizerWebsite":"","_VenueAddress":"","_VenueCity":"","_VenueCountry":"","_VenueProvince":"","_VenueState":"","_VenueZip":"","_VenuePhone":"","_VenueURL":"","_VenueStateProvince":"","_VenueLat":"","_VenueLng":"","_VenueShowMap":false,"_VenueShowMapLink":false,"footnotes":""},"class_list":["post-5695","page","type-page","status-publish","hentry"],"_links":{"self":[{"href":"https:\/\/faemclm.es\/feriaxxviii\/wp-json\/wp\/v2\/pages\/5695","targetHints":{"allow":["GET"]}}],"collection":[{"href":"https:\/\/faemclm.es\/feriaxxviii\/wp-json\/wp\/v2\/pages"}],"about":[{"href":"https:\/\/faemclm.es\/feriaxxviii\/wp-json\/wp\/v2\/types\/page"}],"author":[{"embeddable":true,"href":"https:\/\/faemclm.es\/feriaxxviii\/wp-json\/wp\/v2\/users\/1"}],"replies":[{"embeddable":true,"href":"https:\/\/faemclm.es\/feriaxxviii\/wp-json\/wp\/v2\/comments?post=5695"}],"version-history":[{"count":11,"href":"https:\/\/faemclm.es\/feriaxxviii\/wp-json\/wp\/v2\/pages\/5695\/revisions"}],"predecessor-version":[{"id":5720,"href":"https:\/\/faemclm.es\/feriaxxviii\/wp-json\/wp\/v2\/pages\/5695\/revisions\/5720"}],"wp:attachment":[{"href":"https:\/\/faemclm.es\/feriaxxviii\/wp-json\/wp\/v2\/media?parent=5695"}],"curies":[{"name":"wp","href":"https:\/\/api.w.org\/{rel}","templated":true}]}}