{"id":5698,"date":"2024-02-02T10:25:37","date_gmt":"2024-02-02T09:25:37","guid":{"rendered":"https:\/\/faemclm.es\/?page_id=5698"},"modified":"2024-03-15T18:39:26","modified_gmt":"2024-03-15T17:39:26","slug":"taller-cofae-las-ferias-y-su-contribucion-a-la-cultura-sostenible","status":"publish","type":"page","link":"https:\/\/faemclm.es\/feriaxxviii\/taller-cofae-las-ferias-y-su-contribucion-a-la-cultura-sostenible\/","title":{"rendered":"Taller COFAE: Las Ferias y su contribuci\u00f3n a la cultura sostenible"},"content":{"rendered":"\t\t<div data-elementor-type=\"wp-page\" data-elementor-id=\"5698\" class=\"elementor elementor-5698\">\n\t\t\t\t\t\t<section class=\"elementor-section elementor-top-section elementor-element elementor-element-76e86d8 elementor-section-boxed elementor-section-height-default elementor-section-height-default\" data-id=\"76e86d8\" data-element_type=\"section\" data-e-type=\"section\">\n\t\t\t\t\t\t<div class=\"elementor-container elementor-column-gap-default\">\n\t\t\t\t\t<div class=\"elementor-column elementor-col-50 elementor-top-column elementor-element elementor-element-7010466\" data-id=\"7010466\" data-element_type=\"column\" data-e-type=\"column\">\n\t\t\t<div class=\"elementor-widget-wrap elementor-element-populated\">\n\t\t\t\t\t\t<div class=\"elementor-element elementor-element-24ffd55 elementor-widget elementor-widget-image\" data-id=\"24ffd55\" data-element_type=\"widget\" data-e-type=\"widget\" data-widget_type=\"image.default\">\n\t\t\t\t<div class=\"elementor-widget-container\">\n\t\t\t\t\t\t\t\t\t\t\t\t\t\t\t<img fetchpriority=\"high\" decoding=\"async\" width=\"1024\" height=\"180\" src=\"https:\/\/faemclm.es\/feriaxxviii\/wp-content\/uploads\/2024\/02\/Logo-inaem-1024x180.jpg\" class=\"attachment-large size-large wp-image-5747\" alt=\"\" srcset=\"https:\/\/faemclm.es\/feriaxxviii\/wp-content\/uploads\/2024\/02\/Logo-inaem-1024x180.jpg 1024w, https:\/\/faemclm.es\/feriaxxviii\/wp-content\/uploads\/2024\/02\/Logo-inaem-300x53.jpg 300w, https:\/\/faemclm.es\/feriaxxviii\/wp-content\/uploads\/2024\/02\/Logo-inaem-768x135.jpg 768w, https:\/\/faemclm.es\/feriaxxviii\/wp-content\/uploads\/2024\/02\/Logo-inaem-1536x271.jpg 1536w, https:\/\/faemclm.es\/feriaxxviii\/wp-content\/uploads\/2024\/02\/Logo-inaem-370x65.jpg 370w, https:\/\/faemclm.es\/feriaxxviii\/wp-content\/uploads\/2024\/02\/Logo-inaem-812x143.jpg 812w, https:\/\/faemclm.es\/feriaxxviii\/wp-content\/uploads\/2024\/02\/Logo-inaem-406x72.jpg 406w, https:\/\/faemclm.es\/feriaxxviii\/wp-content\/uploads\/2024\/02\/Logo-inaem.jpg 2010w\" sizes=\"(max-width: 1024px) 100vw, 1024px\" \/>\t\t\t\t\t\t\t\t\t\t\t\t\t\t\t<\/div>\n\t\t\t\t<\/div>\n\t\t\t\t\t<\/div>\n\t\t<\/div>\n\t\t\t\t<div class=\"elementor-column elementor-col-50 elementor-top-column elementor-element elementor-element-b6ee7ab\" data-id=\"b6ee7ab\" data-element_type=\"column\" data-e-type=\"column\">\n\t\t\t<div class=\"elementor-widget-wrap elementor-element-populated\">\n\t\t\t\t\t\t<div class=\"elementor-element elementor-element-30a2aeb elementor-widget elementor-widget-image\" data-id=\"30a2aeb\" data-element_type=\"widget\" data-e-type=\"widget\" data-widget_type=\"image.default\">\n\t\t\t\t<div class=\"elementor-widget-container\">\n\t\t\t\t\t\t\t\t\t\t\t\t\t\t\t<img decoding=\"async\" width=\"270\" height=\"135\" src=\"https:\/\/faemclm.es\/feriaxxviii\/wp-content\/uploads\/2022\/10\/cofaergb.png\" class=\"attachment-large size-large wp-image-3312\" alt=\"\" \/>\t\t\t\t\t\t\t\t\t\t\t\t\t\t\t<\/div>\n\t\t\t\t<\/div>\n\t\t\t\t\t<\/div>\n\t\t<\/div>\n\t\t\t\t\t<\/div>\n\t\t<\/section>\n\t\t\t\t<section class=\"elementor-section elementor-top-section elementor-element elementor-element-d0e9e23 elementor-section-boxed elementor-section-height-default elementor-section-height-default\" data-id=\"d0e9e23\" data-element_type=\"section\" data-e-type=\"section\">\n\t\t\t\t\t\t<div class=\"elementor-container elementor-column-gap-default\">\n\t\t\t\t\t<div class=\"elementor-column elementor-col-100 elementor-top-column elementor-element elementor-element-5728941\" data-id=\"5728941\" data-element_type=\"column\" data-e-type=\"column\">\n\t\t\t<div class=\"elementor-widget-wrap elementor-element-populated\">\n\t\t\t\t\t\t<div class=\"elementor-element elementor-element-6739127 elementor-widget elementor-widget-heading\" data-id=\"6739127\" data-element_type=\"widget\" data-e-type=\"widget\" data-widget_type=\"heading.default\">\n\t\t\t\t<div class=\"elementor-widget-container\">\n\t\t\t\t\t<h2 class=\"elementor-heading-title elementor-size-default\">Solo para compa\u00f1\u00edas.<\/h2>\t\t\t\t<\/div>\n\t\t\t\t<\/div>\n\t\t\t\t<div class=\"elementor-element elementor-element-4765e7a elementor-widget elementor-widget-text-editor\" data-id=\"4765e7a\" data-element_type=\"widget\" data-e-type=\"widget\" data-widget_type=\"text-editor.default\">\n\t\t\t\t<div class=\"elementor-widget-container\">\n\t\t\t\t\t\t\t\t\tA trav\u00e9s de experiencias de artistas, espacios de exhibici\u00f3n y eventos que ya est\u00e1n trabajando alineados con la sostenibilidad se mostrar\u00e1 como esta nueva manera de hacer m\u00e1s consciente les contribuye como actores del sector cultural generando un mayor impacto sobre la sociedad y un menor impacto sobre el medio ambiente.\n\n<strong>Impartido por:\u00a0<\/strong><span style=\"font-size: 17px;\">Triad\u2019Art<\/span>\n\n<strong>Dirigido a<\/strong>:\u00a0<span style=\"font-size: 17px;\">El taller se dirige a todas las personas \u00a0asistentes a la Feria de Artes Esc\u00e9nicas y M\u00fasica de Castilla-La Mancha: artistas, programadores\/as, distribuidores\/as,\u00a0 etc.,<\/span>\n\n<strong>Finalidad:\u00a0<\/strong><span style=\"font-size: 17px;\">Ofrecer a las personas asistentes una amplia visi\u00f3n del concepto de Sostenibilidad y como \u00e9ste puede complementar a las actividades culturales contribuyendo de una forma m\u00e1s consciente al desarrollo econ\u00f3mico, la cohesi\u00f3n social y la protecci\u00f3n del territorio.<\/span>\n\n<strong>Contenido: <\/strong>\n<ul>\n \t<li>Definici\u00f3n de Cultura Sostenible<\/li>\n \t<li>Contribuci\u00f3n de las artes esc\u00e9nicas al desarrollo sostenible<\/li>\n \t<li>Aportaciones de la cultura desde la visi\u00f3n social, econ\u00f3mica y ambiental<\/li>\n \t<li>\u00bfC\u00f3mo contribuyen las Ferias al desarrollo sostenible cultural?<\/li>\n \t<li>La transformaci\u00f3n de los artistas y compa\u00f1\u00edas en artistas y compa\u00f1\u00edas sostenibles<\/li>\n \t<li>Espacios sostenibles, espacios conscientes<\/li>\n \t<li>El sector cultural como agente de cambio: de las dificultades a las oportunidades<\/li>\n \t<li>La importancia del trabajo en red: potencializando las alianzas<\/li>\n \t<li>Experiencias con \u00e9xito<\/li>\n<\/ul>\n<strong>Duraci\u00f3n<\/strong>: 2 horas\n\n<b>D\u00eda:\u00a0<\/b>9 de abril a las 16:30h\n\n<b>Lugar:<\/b>\n<ul style=\"font-family: Roboto, sans-serif; font-size: 16px; font-weight: 400; font-style: normal;\">\n \t<li style=\"font-size: 16px;\"><span style=\"font-family: Roboto, sans-serif; font-size: 16px; font-style: normal; font-weight: 400;\">Delegaci\u00f3n Provincial de Educaci\u00f3n, Cultura y Deportes.<\/span><\/li>\n \t<li style=\"font-size: 16px; margin-bottom: 8px;\"><span style=\"font-family: Roboto, sans-serif; font-size: 16px; font-style: normal; font-weight: 400;\">Av. de la Estaci\u00f3n, 2,\u00a0<\/span>02001 Albacete.<\/li>\n<\/ul>\t\t\t\t\t\t\t\t<\/div>\n\t\t\t\t<\/div>\n\t\t\t\t\t<\/div>\n\t\t<\/div>\n\t\t\t\t\t<\/div>\n\t\t<\/section>\n\t\t\t\t<\/div>\n\t\t","protected":false},"excerpt":{"rendered":"<p>Solo para compa\u00f1\u00edas. A trav\u00e9s de experiencias de artistas, espacios de exhibici\u00f3n y eventos que ya est\u00e1n trabajando alineados con la sostenibilidad se mostrar\u00e1 como esta nueva manera de hacer [&hellip;]<\/p>\n","protected":false},"author":1,"featured_media":0,"parent":0,"menu_order":0,"comment_status":"closed","ping_status":"closed","template":"","meta":{"site-sidebar-layout":"default","site-content-layout":"","ast-site-content-layout":"default","site-content-style":"default","site-sidebar-style":"default","ast-global-header-display":"","ast-banner-title-visibility":"","ast-main-header-display":"","ast-hfb-above-header-display":"","ast-hfb-below-header-display":"","ast-hfb-mobile-header-display":"","site-post-title":"","ast-breadcrumbs-content":"","ast-featured-img":"","footer-sml-layout":"","ast-disable-related-posts":"","theme-transparent-header-meta":"","adv-header-id-meta":"","stick-header-meta":"","header-above-stick-meta":"","header-main-stick-meta":"","header-below-stick-meta":"","astra-migrate-meta-layouts":"default","ast-page-background-enabled":"default","ast-page-background-meta":{"desktop":{"background-color":"var(--ast-global-color-5)","background-image":"","background-repeat":"repeat","background-position":"center center","background-size":"auto","background-attachment":"scroll","background-type":"","background-media":"","overlay-type":"","overlay-color":"","overlay-opacity":"","overlay-gradient":""},"tablet":{"background-color":"","background-image":"","background-repeat":"repeat","background-position":"center center","background-size":"auto","background-attachment":"scroll","background-type":"","background-media":"","overlay-type":"","overlay-color":"","overlay-opacity":"","overlay-gradient":""},"mobile":{"background-color":"","background-image":"","background-repeat":"repeat","background-position":"center center","background-size":"auto","background-attachment":"scroll","background-type":"","background-media":"","overlay-type":"","overlay-color":"","overlay-opacity":"","overlay-gradient":""}},"ast-content-background-meta":{"desktop":{"background-color":"var(--ast-global-color-4)","background-image":"","background-repeat":"repeat","background-position":"center center","background-size":"auto","background-attachment":"scroll","background-type":"","background-media":"","overlay-type":"","overlay-color":"","overlay-opacity":"","overlay-gradient":""},"tablet":{"background-color":"var(--ast-global-color-4)","background-image":"","background-repeat":"repeat","background-position":"center center","background-size":"auto","background-attachment":"scroll","background-type":"","background-media":"","overlay-type":"","overlay-color":"","overlay-opacity":"","overlay-gradient":""},"mobile":{"background-color":"var(--ast-global-color-4)","background-image":"","background-repeat":"repeat","background-position":"center center","background-size":"auto","background-attachment":"scroll","background-type":"","background-media":"","overlay-type":"","overlay-color":"","overlay-opacity":"","overlay-gradient":""}},"_EventAllDay":false,"_EventTimezone":"","_EventStartDate":"","_EventEndDate":"","_EventStartDateUTC":"","_EventEndDateUTC":"","_EventShowMap":false,"_EventShowMapLink":false,"_EventURL":"","_EventCost":"","_EventCostDescription":"","_EventCurrencySymbol":"","_EventCurrencyCode":"","_EventCurrencyPosition":"","_EventDateTimeSeparator":"","_EventTimeRangeSeparator":"","_EventOrganizerID":[],"_EventVenueID":[],"_OrganizerEmail":"","_OrganizerPhone":"","_OrganizerWebsite":"","_VenueAddress":"","_VenueCity":"","_VenueCountry":"","_VenueProvince":"","_VenueState":"","_VenueZip":"","_VenuePhone":"","_VenueURL":"","_VenueStateProvince":"","_VenueLat":"","_VenueLng":"","_VenueShowMap":false,"_VenueShowMapLink":false,"footnotes":""},"class_list":["post-5698","page","type-page","status-publish","hentry"],"_links":{"self":[{"href":"https:\/\/faemclm.es\/feriaxxviii\/wp-json\/wp\/v2\/pages\/5698","targetHints":{"allow":["GET"]}}],"collection":[{"href":"https:\/\/faemclm.es\/feriaxxviii\/wp-json\/wp\/v2\/pages"}],"about":[{"href":"https:\/\/faemclm.es\/feriaxxviii\/wp-json\/wp\/v2\/types\/page"}],"author":[{"embeddable":true,"href":"https:\/\/faemclm.es\/feriaxxviii\/wp-json\/wp\/v2\/users\/1"}],"replies":[{"embeddable":true,"href":"https:\/\/faemclm.es\/feriaxxviii\/wp-json\/wp\/v2\/comments?post=5698"}],"version-history":[{"count":31,"href":"https:\/\/faemclm.es\/feriaxxviii\/wp-json\/wp\/v2\/pages\/5698\/revisions"}],"predecessor-version":[{"id":6048,"href":"https:\/\/faemclm.es\/feriaxxviii\/wp-json\/wp\/v2\/pages\/5698\/revisions\/6048"}],"wp:attachment":[{"href":"https:\/\/faemclm.es\/feriaxxviii\/wp-json\/wp\/v2\/media?parent=5698"}],"curies":[{"name":"wp","href":"https:\/\/api.w.org\/{rel}","templated":true}]}}