{"id":5924,"date":"2024-03-13T17:46:47","date_gmt":"2024-03-13T16:46:47","guid":{"rendered":"https:\/\/faemclm.es\/?page_id=5924"},"modified":"2024-03-14T12:25:09","modified_gmt":"2024-03-14T11:25:09","slug":"nieva-hoy-redescubrimiento-ensonacion-y-vanguardia-del-teatro-de-francisco-nieva-en-la-escena-contemporanea-espanola","status":"publish","type":"page","link":"https:\/\/faemclm.es\/feriaxxviii\/nieva-hoy-redescubrimiento-ensonacion-y-vanguardia-del-teatro-de-francisco-nieva-en-la-escena-contemporanea-espanola\/","title":{"rendered":"Nieva Hoy: Redescubrimiento, Enso\u00f1aci\u00f3n y Vanguardia del Teatro de Francisco Nieva en la Escena Contempor\u00e1nea Espa\u00f1ola"},"content":{"rendered":"\t\t<div data-elementor-type=\"wp-page\" data-elementor-id=\"5924\" class=\"elementor elementor-5924\">\n\t\t\t\t\t\t<section class=\"elementor-section elementor-top-section elementor-element elementor-element-717a01dd elementor-section-boxed elementor-section-height-default elementor-section-height-default\" data-id=\"717a01dd\" data-element_type=\"section\" data-e-type=\"section\">\n\t\t\t\t\t\t<div class=\"elementor-container elementor-column-gap-default\">\n\t\t\t\t\t<div class=\"elementor-column elementor-col-100 elementor-top-column elementor-element elementor-element-20ee330c\" data-id=\"20ee330c\" data-element_type=\"column\" data-e-type=\"column\">\n\t\t\t<div class=\"elementor-widget-wrap elementor-element-populated\">\n\t\t\t\t\t\t<section class=\"elementor-section elementor-inner-section elementor-element elementor-element-3d7b51a elementor-section-boxed elementor-section-height-default elementor-section-height-default\" data-id=\"3d7b51a\" data-element_type=\"section\" data-e-type=\"section\">\n\t\t\t\t\t\t<div class=\"elementor-container elementor-column-gap-default\">\n\t\t\t\t\t<div class=\"elementor-column elementor-col-50 elementor-inner-column elementor-element elementor-element-a93d257\" data-id=\"a93d257\" data-element_type=\"column\" data-e-type=\"column\">\n\t\t\t<div class=\"elementor-widget-wrap elementor-element-populated\">\n\t\t\t\t\t\t<div class=\"elementor-element elementor-element-a6b0376 elementor-widget elementor-widget-image\" data-id=\"a6b0376\" data-element_type=\"widget\" data-e-type=\"widget\" data-widget_type=\"image.default\">\n\t\t\t\t<div class=\"elementor-widget-container\">\n\t\t\t\t\t\t\t\t\t\t\t\t\t\t\t<img fetchpriority=\"high\" decoding=\"async\" width=\"572\" height=\"768\" src=\"https:\/\/faemclm.es\/feriaxxviii\/wp-content\/uploads\/2024\/03\/Imagen-2.png\" class=\"attachment-large size-large wp-image-5926\" alt=\"\" srcset=\"https:\/\/faemclm.es\/feriaxxviii\/wp-content\/uploads\/2024\/03\/Imagen-2.png 572w, https:\/\/faemclm.es\/feriaxxviii\/wp-content\/uploads\/2024\/03\/Imagen-2-223x300.png 223w, https:\/\/faemclm.es\/feriaxxviii\/wp-content\/uploads\/2024\/03\/Imagen-2-370x497.png 370w, https:\/\/faemclm.es\/feriaxxviii\/wp-content\/uploads\/2024\/03\/Imagen-2-406x545.png 406w, https:\/\/faemclm.es\/feriaxxviii\/wp-content\/uploads\/2024\/03\/Imagen-2-297x400.png 297w\" sizes=\"(max-width: 572px) 100vw, 572px\" \/>\t\t\t\t\t\t\t\t\t\t\t\t\t\t\t<\/div>\n\t\t\t\t<\/div>\n\t\t\t\t\t<\/div>\n\t\t<\/div>\n\t\t\t\t<div class=\"elementor-column elementor-col-50 elementor-inner-column elementor-element elementor-element-5a7c8ce\" data-id=\"5a7c8ce\" data-element_type=\"column\" data-e-type=\"column\">\n\t\t\t<div class=\"elementor-widget-wrap elementor-element-populated\">\n\t\t\t\t\t\t<div class=\"elementor-element elementor-element-61784aa elementor-widget elementor-widget-text-editor\" data-id=\"61784aa\" data-element_type=\"widget\" data-e-type=\"widget\" data-widget_type=\"text-editor.default\">\n\t\t\t\t<div class=\"elementor-widget-container\">\n\t\t\t\t\t\t\t\t\t<p>Ponencia a cargo de la directora de escena y dramaturga Rakel Camacho (Albacete, 1979), quien el pasado a\u00f1o llev\u00f3 a escena para Teatro Espa\u00f1ol de Madrid, la obra Coronada y el toro de Francisco Nieva, una coproducci\u00f3n de Teatro Espa\u00f1ol y Sanra Produce.\u00a0 El espect\u00e1culo cuenta con dos Premios Godot 2023, nominaci\u00f3n a Mejor Direcci\u00f3n en Premios ADE 2024, dos Premios ADE (Mejor Escenograf\u00eda y Mejor Vestuario) y 6 candidaturas a Premios Max 2024 (Mejor Direcci\u00f3n, Mejor actriz protagonista, Mejor Actor protagonista, Mejor Composici\u00f3n Musical, Mejor Espect\u00e1culo teatral y Mejor Vestuario), adem\u00e1s de una gran \u00e9xito de p\u00fablico y cr\u00edtica.<\/p>\n<p>Dentro del acto, contaremos con la actuaci\u00f3n del actor albacete\u00f1o Jorge Kent.<\/p>\t\t\t\t\t\t\t\t<\/div>\n\t\t\t\t<\/div>\n\t\t\t\t<div class=\"elementor-element elementor-element-c386e70 elementor-widget elementor-widget-text-editor\" data-id=\"c386e70\" data-element_type=\"widget\" data-e-type=\"widget\" data-widget_type=\"text-editor.default\">\n\t\t\t\t<div class=\"elementor-widget-container\">\n\t\t\t\t\t\t\t\t\t<strong>Fecha:<\/strong> D\u00eda 9 de Abril a las 13:00 h.<br\/>\n<strong>Lugar:<\/strong>\nTeatrito del Teatro Circo.\t\t\t\t\t\t\t\t<\/div>\n\t\t\t\t<\/div>\n\t\t\t\t<div class=\"elementor-element elementor-element-0c47b2c elementor-widget elementor-widget-google_maps\" data-id=\"0c47b2c\" data-element_type=\"widget\" data-e-type=\"widget\" data-widget_type=\"google_maps.default\">\n\t\t\t\t<div class=\"elementor-widget-container\">\n\t\t\t\t\t\t\t<div class=\"elementor-custom-embed\">\n\t\t\t<iframe loading=\"lazy\"\n\t\t\t\t\tsrc=\"https:\/\/maps.google.com\/maps?q=Teatro%20Circo%2C%20C%2F%20de%20Isaac%20Peral%2C%20s%2Fn%2C%2002001%20Albacete&#038;t=m&#038;z=10&#038;output=embed&#038;iwloc=near\"\n\t\t\t\t\ttitle=\"Teatro Circo, C\/ de Isaac Peral, s\/n, 02001 Albacete\"\n\t\t\t\t\taria-label=\"Teatro Circo, C\/ de Isaac Peral, s\/n, 02001 Albacete\"\n\t\t\t><\/iframe>\n\t\t<\/div>\n\t\t\t\t\t\t<\/div>\n\t\t\t\t<\/div>\n\t\t\t\t\t<\/div>\n\t\t<\/div>\n\t\t\t\t\t<\/div>\n\t\t<\/section>\n\t\t\t\t\t<\/div>\n\t\t<\/div>\n\t\t\t\t\t<\/div>\n\t\t<\/section>\n\t\t\t\t<\/div>\n\t\t","protected":false},"excerpt":{"rendered":"<p>Ponencia a cargo de la directora de escena y dramaturga Rakel Camacho (Albacete, 1979), quien el pasado a\u00f1o llev\u00f3 a escena para Teatro Espa\u00f1ol de Madrid, la obra Coronada y [&hellip;]<\/p>\n","protected":false},"author":1,"featured_media":0,"parent":0,"menu_order":0,"comment_status":"closed","ping_status":"closed","template":"","meta":{"site-sidebar-layout":"default","site-content-layout":"","ast-site-content-layout":"default","site-content-style":"default","site-sidebar-style":"default","ast-global-header-display":"","ast-banner-title-visibility":"","ast-main-header-display":"","ast-hfb-above-header-display":"","ast-hfb-below-header-display":"","ast-hfb-mobile-header-display":"","site-post-title":"","ast-breadcrumbs-content":"","ast-featured-img":"","footer-sml-layout":"","ast-disable-related-posts":"","theme-transparent-header-meta":"","adv-header-id-meta":"","stick-header-meta":"","header-above-stick-meta":"","header-main-stick-meta":"","header-below-stick-meta":"","astra-migrate-meta-layouts":"default","ast-page-background-enabled":"default","ast-page-background-meta":{"desktop":{"background-color":"var(--ast-global-color-5)","background-image":"","background-repeat":"repeat","background-position":"center center","background-size":"auto","background-attachment":"scroll","background-type":"","background-media":"","overlay-type":"","overlay-color":"","overlay-opacity":"","overlay-gradient":""},"tablet":{"background-color":"","background-image":"","background-repeat":"repeat","background-position":"center center","background-size":"auto","background-attachment":"scroll","background-type":"","background-media":"","overlay-type":"","overlay-color":"","overlay-opacity":"","overlay-gradient":""},"mobile":{"background-color":"","background-image":"","background-repeat":"repeat","background-position":"center center","background-size":"auto","background-attachment":"scroll","background-type":"","background-media":"","overlay-type":"","overlay-color":"","overlay-opacity":"","overlay-gradient":""}},"ast-content-background-meta":{"desktop":{"background-color":"var(--ast-global-color-4)","background-image":"","background-repeat":"repeat","background-position":"center center","background-size":"auto","background-attachment":"scroll","background-type":"","background-media":"","overlay-type":"","overlay-color":"","overlay-opacity":"","overlay-gradient":""},"tablet":{"background-color":"var(--ast-global-color-4)","background-image":"","background-repeat":"repeat","background-position":"center center","background-size":"auto","background-attachment":"scroll","background-type":"","background-media":"","overlay-type":"","overlay-color":"","overlay-opacity":"","overlay-gradient":""},"mobile":{"background-color":"var(--ast-global-color-4)","background-image":"","background-repeat":"repeat","background-position":"center center","background-size":"auto","background-attachment":"scroll","background-type":"","background-media":"","overlay-type":"","overlay-color":"","overlay-opacity":"","overlay-gradient":""}},"_EventAllDay":false,"_EventTimezone":"","_EventStartDate":"","_EventEndDate":"","_EventStartDateUTC":"","_EventEndDateUTC":"","_EventShowMap":false,"_EventShowMapLink":false,"_EventURL":"","_EventCost":"","_EventCostDescription":"","_EventCurrencySymbol":"","_EventCurrencyCode":"","_EventCurrencyPosition":"","_EventDateTimeSeparator":"","_EventTimeRangeSeparator":"","_EventOrganizerID":[],"_EventVenueID":[],"_OrganizerEmail":"","_OrganizerPhone":"","_OrganizerWebsite":"","_VenueAddress":"","_VenueCity":"","_VenueCountry":"","_VenueProvince":"","_VenueState":"","_VenueZip":"","_VenuePhone":"","_VenueURL":"","_VenueStateProvince":"","_VenueLat":"","_VenueLng":"","_VenueShowMap":false,"_VenueShowMapLink":false,"footnotes":""},"class_list":["post-5924","page","type-page","status-publish","hentry"],"_links":{"self":[{"href":"https:\/\/faemclm.es\/feriaxxviii\/wp-json\/wp\/v2\/pages\/5924","targetHints":{"allow":["GET"]}}],"collection":[{"href":"https:\/\/faemclm.es\/feriaxxviii\/wp-json\/wp\/v2\/pages"}],"about":[{"href":"https:\/\/faemclm.es\/feriaxxviii\/wp-json\/wp\/v2\/types\/page"}],"author":[{"embeddable":true,"href":"https:\/\/faemclm.es\/feriaxxviii\/wp-json\/wp\/v2\/users\/1"}],"replies":[{"embeddable":true,"href":"https:\/\/faemclm.es\/feriaxxviii\/wp-json\/wp\/v2\/comments?post=5924"}],"version-history":[{"count":11,"href":"https:\/\/faemclm.es\/feriaxxviii\/wp-json\/wp\/v2\/pages\/5924\/revisions"}],"predecessor-version":[{"id":5999,"href":"https:\/\/faemclm.es\/feriaxxviii\/wp-json\/wp\/v2\/pages\/5924\/revisions\/5999"}],"wp:attachment":[{"href":"https:\/\/faemclm.es\/feriaxxviii\/wp-json\/wp\/v2\/media?parent=5924"}],"curies":[{"name":"wp","href":"https:\/\/api.w.org\/{rel}","templated":true}]}}