{"id":5945,"date":"2024-03-13T17:58:28","date_gmt":"2024-03-13T16:58:28","guid":{"rendered":"https:\/\/faemclm.es\/?page_id=5945"},"modified":"2024-03-14T12:36:48","modified_gmt":"2024-03-14T11:36:48","slug":"presentacion-asociacion-aunarte","status":"publish","type":"page","link":"https:\/\/faemclm.es\/feriaxxviii\/presentacion-asociacion-aunarte\/","title":{"rendered":"Presentaci\u00f3n Asociaci\u00f3n AUNARTE"},"content":{"rendered":"\t\t<div data-elementor-type=\"wp-page\" data-elementor-id=\"5945\" class=\"elementor elementor-5945\">\n\t\t\t\t\t\t<section class=\"elementor-section elementor-top-section elementor-element elementor-element-21580f6c elementor-section-boxed elementor-section-height-default elementor-section-height-default\" data-id=\"21580f6c\" data-element_type=\"section\" data-e-type=\"section\">\n\t\t\t\t\t\t<div class=\"elementor-container elementor-column-gap-default\">\n\t\t\t\t\t<div class=\"elementor-column elementor-col-100 elementor-top-column elementor-element elementor-element-4467b75b\" data-id=\"4467b75b\" data-element_type=\"column\" data-e-type=\"column\">\n\t\t\t<div class=\"elementor-widget-wrap elementor-element-populated\">\n\t\t\t\t\t\t<div class=\"elementor-element elementor-element-56a23c36 elementor-widget elementor-widget-text-editor\" data-id=\"56a23c36\" data-element_type=\"widget\" data-e-type=\"widget\" data-widget_type=\"text-editor.default\">\n\t\t\t\t<div class=\"elementor-widget-container\">\n\t\t\t\t\t\t\t\t\t\n<p> <\/p>\n\t\t\t\t\t\t\t\t<\/div>\n\t\t\t\t<\/div>\n\t\t\t\t\t<\/div>\n\t\t<\/div>\n\t\t\t\t\t<\/div>\n\t\t<\/section>\n\t\t\t\t<section class=\"elementor-section elementor-top-section elementor-element elementor-element-64d809e elementor-section-boxed elementor-section-height-default elementor-section-height-default\" data-id=\"64d809e\" data-element_type=\"section\" data-e-type=\"section\">\n\t\t\t\t\t\t<div class=\"elementor-container elementor-column-gap-default\">\n\t\t\t\t\t<div class=\"elementor-column elementor-col-100 elementor-top-column elementor-element elementor-element-8b3607b\" data-id=\"8b3607b\" data-element_type=\"column\" data-e-type=\"column\">\n\t\t\t<div class=\"elementor-widget-wrap elementor-element-populated\">\n\t\t\t\t\t\t<section class=\"elementor-section elementor-inner-section elementor-element elementor-element-b21281d elementor-section-boxed elementor-section-height-default elementor-section-height-default\" data-id=\"b21281d\" data-element_type=\"section\" data-e-type=\"section\">\n\t\t\t\t\t\t<div class=\"elementor-container elementor-column-gap-default\">\n\t\t\t\t\t<div class=\"elementor-column elementor-col-50 elementor-inner-column elementor-element elementor-element-208208c\" data-id=\"208208c\" data-element_type=\"column\" data-e-type=\"column\">\n\t\t\t<div class=\"elementor-widget-wrap elementor-element-populated\">\n\t\t\t\t\t\t<div class=\"elementor-element elementor-element-f73767b elementor-widget elementor-widget-image\" data-id=\"f73767b\" data-element_type=\"widget\" data-e-type=\"widget\" data-widget_type=\"image.default\">\n\t\t\t\t<div class=\"elementor-widget-container\">\n\t\t\t\t\t\t\t\t\t\t\t\t\t\t\t<img fetchpriority=\"high\" decoding=\"async\" width=\"887\" height=\"474\" src=\"https:\/\/faemclm.es\/feriaxxviii\/wp-content\/uploads\/2024\/03\/imagen-4-a-las-11.58.11.png\" class=\"attachment-large size-large wp-image-5947\" alt=\"\" srcset=\"https:\/\/faemclm.es\/feriaxxviii\/wp-content\/uploads\/2024\/03\/imagen-4-a-las-11.58.11.png 887w, https:\/\/faemclm.es\/feriaxxviii\/wp-content\/uploads\/2024\/03\/imagen-4-a-las-11.58.11-300x160.png 300w, https:\/\/faemclm.es\/feriaxxviii\/wp-content\/uploads\/2024\/03\/imagen-4-a-las-11.58.11-768x410.png 768w, https:\/\/faemclm.es\/feriaxxviii\/wp-content\/uploads\/2024\/03\/imagen-4-a-las-11.58.11-370x198.png 370w, https:\/\/faemclm.es\/feriaxxviii\/wp-content\/uploads\/2024\/03\/imagen-4-a-las-11.58.11-812x434.png 812w, https:\/\/faemclm.es\/feriaxxviii\/wp-content\/uploads\/2024\/03\/imagen-4-a-las-11.58.11-406x217.png 406w\" sizes=\"(max-width: 887px) 100vw, 887px\" \/>\t\t\t\t\t\t\t\t\t\t\t\t\t\t\t<\/div>\n\t\t\t\t<\/div>\n\t\t\t\t\t<\/div>\n\t\t<\/div>\n\t\t\t\t<div class=\"elementor-column elementor-col-50 elementor-inner-column elementor-element elementor-element-a709058\" data-id=\"a709058\" data-element_type=\"column\" data-e-type=\"column\">\n\t\t\t<div class=\"elementor-widget-wrap elementor-element-populated\">\n\t\t\t\t\t\t<div class=\"elementor-element elementor-element-ce0ec17 elementor-widget elementor-widget-text-editor\" data-id=\"ce0ec17\" data-element_type=\"widget\" data-e-type=\"widget\" data-widget_type=\"text-editor.default\">\n\t\t\t\t<div class=\"elementor-widget-container\">\n\t\t\t\t\t\t\t\t\t<p>Aunarte. Asociaci\u00f3n Unificada de Empresas de Artes Esc\u00e9nicas de Castilla La Mancha cuenta con 25\u00a0 entidades profesionales de Castilla-La Mancha. Somos un sector del que depende el sustento de muchos y muchas profesionales (int\u00e9rpretes, direcci\u00f3n, t\u00e9cnica, escenograf\u00eda, m\u00fasicos, distribuci\u00f3n, etc.), pero tambi\u00e9n somos creadoras y creadores, agentes imprescindibles de la cultura de nuestra regi\u00f3n, que es lo que nos define como pueblo y nos vertebra como sociedad. Por todo ello nos sentimos impelidas a luchar denodadamente por el futuro de las artes esc\u00e9nicas castellano-manchegas. Somos el sector profesional de las artes esc\u00e9nicas.<\/p>\t\t\t\t\t\t\t\t<\/div>\n\t\t\t\t<\/div>\n\t\t\t\t<div class=\"elementor-element elementor-element-3c8f97a elementor-widget elementor-widget-text-editor\" data-id=\"3c8f97a\" data-element_type=\"widget\" data-e-type=\"widget\" data-widget_type=\"text-editor.default\">\n\t\t\t\t<div class=\"elementor-widget-container\">\n\t\t\t\t\t\t\t\t\t<p><strong>Fecha:<\/strong> D\u00eda 11 de Abril a las 15:30 h. <br \/><strong>Lugar:<\/strong> Restaurante Posada Real.<\/p>\t\t\t\t\t\t\t\t<\/div>\n\t\t\t\t<\/div>\n\t\t\t\t<div class=\"elementor-element elementor-element-5d73972 elementor-widget elementor-widget-google_maps\" data-id=\"5d73972\" data-element_type=\"widget\" data-e-type=\"widget\" data-widget_type=\"google_maps.default\">\n\t\t\t\t<div class=\"elementor-widget-container\">\n\t\t\t\t\t\t\t<div class=\"elementor-custom-embed\">\n\t\t\t<iframe loading=\"lazy\"\n\t\t\t\t\tsrc=\"https:\/\/maps.google.com\/maps?q=Restaurante%20Posada%20Real%2C%20C.%20Alcalde%20Conangla%2C%2018%2C%2002001%20Albacete&#038;t=m&#038;z=10&#038;output=embed&#038;iwloc=near\"\n\t\t\t\t\ttitle=\"Restaurante Posada Real, C. Alcalde Conangla, 18, 02001 Albacete\"\n\t\t\t\t\taria-label=\"Restaurante Posada Real, C. Alcalde Conangla, 18, 02001 Albacete\"\n\t\t\t><\/iframe>\n\t\t<\/div>\n\t\t\t\t\t\t<\/div>\n\t\t\t\t<\/div>\n\t\t\t\t\t<\/div>\n\t\t<\/div>\n\t\t\t\t\t<\/div>\n\t\t<\/section>\n\t\t\t\t\t<\/div>\n\t\t<\/div>\n\t\t\t\t\t<\/div>\n\t\t<\/section>\n\t\t\t\t<\/div>\n\t\t","protected":false},"excerpt":{"rendered":"<p>Aunarte. Asociaci\u00f3n Unificada de Empresas de Artes Esc\u00e9nicas de Castilla La Mancha cuenta con 25\u00a0 entidades profesionales de Castilla-La Mancha. Somos un sector del que depende el sustento de muchos [&hellip;]<\/p>\n","protected":false},"author":1,"featured_media":0,"parent":0,"menu_order":0,"comment_status":"closed","ping_status":"closed","template":"","meta":{"site-sidebar-layout":"default","site-content-layout":"","ast-site-content-layout":"default","site-content-style":"default","site-sidebar-style":"default","ast-global-header-display":"","ast-banner-title-visibility":"","ast-main-header-display":"","ast-hfb-above-header-display":"","ast-hfb-below-header-display":"","ast-hfb-mobile-header-display":"","site-post-title":"","ast-breadcrumbs-content":"","ast-featured-img":"","footer-sml-layout":"","ast-disable-related-posts":"","theme-transparent-header-meta":"","adv-header-id-meta":"","stick-header-meta":"","header-above-stick-meta":"","header-main-stick-meta":"","header-below-stick-meta":"","astra-migrate-meta-layouts":"default","ast-page-background-enabled":"default","ast-page-background-meta":{"desktop":{"background-color":"var(--ast-global-color-5)","background-image":"","background-repeat":"repeat","background-position":"center center","background-size":"auto","background-attachment":"scroll","background-type":"","background-media":"","overlay-type":"","overlay-color":"","overlay-opacity":"","overlay-gradient":""},"tablet":{"background-color":"","background-image":"","background-repeat":"repeat","background-position":"center center","background-size":"auto","background-attachment":"scroll","background-type":"","background-media":"","overlay-type":"","overlay-color":"","overlay-opacity":"","overlay-gradient":""},"mobile":{"background-color":"","background-image":"","background-repeat":"repeat","background-position":"center center","background-size":"auto","background-attachment":"scroll","background-type":"","background-media":"","overlay-type":"","overlay-color":"","overlay-opacity":"","overlay-gradient":""}},"ast-content-background-meta":{"desktop":{"background-color":"var(--ast-global-color-4)","background-image":"","background-repeat":"repeat","background-position":"center center","background-size":"auto","background-attachment":"scroll","background-type":"","background-media":"","overlay-type":"","overlay-color":"","overlay-opacity":"","overlay-gradient":""},"tablet":{"background-color":"var(--ast-global-color-4)","background-image":"","background-repeat":"repeat","background-position":"center center","background-size":"auto","background-attachment":"scroll","background-type":"","background-media":"","overlay-type":"","overlay-color":"","overlay-opacity":"","overlay-gradient":""},"mobile":{"background-color":"var(--ast-global-color-4)","background-image":"","background-repeat":"repeat","background-position":"center center","background-size":"auto","background-attachment":"scroll","background-type":"","background-media":"","overlay-type":"","overlay-color":"","overlay-opacity":"","overlay-gradient":""}},"_EventAllDay":false,"_EventTimezone":"","_EventStartDate":"","_EventEndDate":"","_EventStartDateUTC":"","_EventEndDateUTC":"","_EventShowMap":false,"_EventShowMapLink":false,"_EventURL":"","_EventCost":"","_EventCostDescription":"","_EventCurrencySymbol":"","_EventCurrencyCode":"","_EventCurrencyPosition":"","_EventDateTimeSeparator":"","_EventTimeRangeSeparator":"","_EventOrganizerID":[],"_EventVenueID":[],"_OrganizerEmail":"","_OrganizerPhone":"","_OrganizerWebsite":"","_VenueAddress":"","_VenueCity":"","_VenueCountry":"","_VenueProvince":"","_VenueState":"","_VenueZip":"","_VenuePhone":"","_VenueURL":"","_VenueStateProvince":"","_VenueLat":"","_VenueLng":"","_VenueShowMap":false,"_VenueShowMapLink":false,"footnotes":""},"class_list":["post-5945","page","type-page","status-publish","hentry"],"_links":{"self":[{"href":"https:\/\/faemclm.es\/feriaxxviii\/wp-json\/wp\/v2\/pages\/5945","targetHints":{"allow":["GET"]}}],"collection":[{"href":"https:\/\/faemclm.es\/feriaxxviii\/wp-json\/wp\/v2\/pages"}],"about":[{"href":"https:\/\/faemclm.es\/feriaxxviii\/wp-json\/wp\/v2\/types\/page"}],"author":[{"embeddable":true,"href":"https:\/\/faemclm.es\/feriaxxviii\/wp-json\/wp\/v2\/users\/1"}],"replies":[{"embeddable":true,"href":"https:\/\/faemclm.es\/feriaxxviii\/wp-json\/wp\/v2\/comments?post=5945"}],"version-history":[{"count":13,"href":"https:\/\/faemclm.es\/feriaxxviii\/wp-json\/wp\/v2\/pages\/5945\/revisions"}],"predecessor-version":[{"id":6006,"href":"https:\/\/faemclm.es\/feriaxxviii\/wp-json\/wp\/v2\/pages\/5945\/revisions\/6006"}],"wp:attachment":[{"href":"https:\/\/faemclm.es\/feriaxxviii\/wp-json\/wp\/v2\/media?parent=5945"}],"curies":[{"name":"wp","href":"https:\/\/api.w.org\/{rel}","templated":true}]}}