{"id":6053,"date":"2024-03-26T11:02:51","date_gmt":"2024-03-26T10:02:51","guid":{"rendered":"https:\/\/faemclm.es\/?page_id=6053"},"modified":"2024-04-01T11:48:28","modified_gmt":"2024-04-01T09:48:28","slug":"exposicion-fotografica-escenarios-efemeros","status":"publish","type":"page","link":"https:\/\/faemclm.es\/feriaxxviii\/exposicion-fotografica-escenarios-efemeros\/","title":{"rendered":"Escenarios ef\u00e9meros. Una mirada a la Feria de Artes Esc\u00e9nicas"},"content":{"rendered":"\t\t<div data-elementor-type=\"wp-page\" data-elementor-id=\"6053\" class=\"elementor elementor-6053\">\n\t\t\t\t\t\t<section class=\"elementor-section elementor-top-section elementor-element elementor-element-dcc763a elementor-section-boxed elementor-section-height-default elementor-section-height-default\" data-id=\"dcc763a\" data-element_type=\"section\" data-e-type=\"section\">\n\t\t\t\t\t\t<div class=\"elementor-container elementor-column-gap-default\">\n\t\t\t\t\t<div class=\"elementor-column elementor-col-50 elementor-top-column elementor-element elementor-element-480369c\" data-id=\"480369c\" data-element_type=\"column\" data-e-type=\"column\">\n\t\t\t<div class=\"elementor-widget-wrap elementor-element-populated\">\n\t\t\t\t\t\t<div class=\"elementor-element elementor-element-3d3729b elementor-widget elementor-widget-image\" data-id=\"3d3729b\" data-element_type=\"widget\" data-e-type=\"widget\" data-widget_type=\"image.default\">\n\t\t\t\t<div class=\"elementor-widget-container\">\n\t\t\t\t\t\t\t\t\t\t\t\t\t\t\t<img fetchpriority=\"high\" decoding=\"async\" width=\"679\" height=\"1024\" src=\"https:\/\/faemclm.es\/feriaxxviii\/wp-content\/uploads\/2024\/04\/Cartel-Exposicion-Escenarios-Efemeros-679x1024.jpg\" class=\"attachment-large size-large wp-image-6072\" alt=\"\" srcset=\"https:\/\/faemclm.es\/feriaxxviii\/wp-content\/uploads\/2024\/04\/Cartel-Exposicion-Escenarios-Efemeros-679x1024.jpg 679w, https:\/\/faemclm.es\/feriaxxviii\/wp-content\/uploads\/2024\/04\/Cartel-Exposicion-Escenarios-Efemeros-199x300.jpg 199w, https:\/\/faemclm.es\/feriaxxviii\/wp-content\/uploads\/2024\/04\/Cartel-Exposicion-Escenarios-Efemeros-768x1158.jpg 768w, https:\/\/faemclm.es\/feriaxxviii\/wp-content\/uploads\/2024\/04\/Cartel-Exposicion-Escenarios-Efemeros-1018x1536.jpg 1018w, https:\/\/faemclm.es\/feriaxxviii\/wp-content\/uploads\/2024\/04\/Cartel-Exposicion-Escenarios-Efemeros-1358x2048.jpg 1358w, https:\/\/faemclm.es\/feriaxxviii\/wp-content\/uploads\/2024\/04\/Cartel-Exposicion-Escenarios-Efemeros-370x558.jpg 370w, https:\/\/faemclm.es\/feriaxxviii\/wp-content\/uploads\/2024\/04\/Cartel-Exposicion-Escenarios-Efemeros-812x1225.jpg 812w, https:\/\/faemclm.es\/feriaxxviii\/wp-content\/uploads\/2024\/04\/Cartel-Exposicion-Escenarios-Efemeros-406x612.jpg 406w, https:\/\/faemclm.es\/feriaxxviii\/wp-content\/uploads\/2024\/04\/Cartel-Exposicion-Escenarios-Efemeros-scaled.jpg 1697w\" sizes=\"(max-width: 679px) 100vw, 679px\" \/>\t\t\t\t\t\t\t\t\t\t\t\t\t\t\t<\/div>\n\t\t\t\t<\/div>\n\t\t\t\t\t<\/div>\n\t\t<\/div>\n\t\t\t\t<div class=\"elementor-column elementor-col-50 elementor-top-column elementor-element elementor-element-4c665f8\" data-id=\"4c665f8\" data-element_type=\"column\" data-e-type=\"column\">\n\t\t\t<div class=\"elementor-widget-wrap elementor-element-populated\">\n\t\t\t\t\t\t<div class=\"elementor-element elementor-element-feee048 elementor-widget elementor-widget-text-editor\" data-id=\"feee048\" data-element_type=\"widget\" data-e-type=\"widget\" data-widget_type=\"text-editor.default\">\n\t\t\t\t<div class=\"elementor-widget-container\">\n\t\t\t\t\t\t\t\t\t<strong>Descripci\u00f3n:<\/strong>\n<br\/>\nESCENARIOS EF\u00c9MEROS nos invita a sumergirnos en el coraz\u00f3n de la Feria de Artes Esc\u00e9nicas y musicales de Castilla-La Mancha a trav\u00e9s de una selecci\u00f3n cautivadora de fotograf\u00edas de sus dos \u00faltimas ediciones. Esta exposici\u00f3n es un homenaje a la vitalidad y el esp\u00edritu et\u00e9reo de las artes esc\u00e9nicas, capturando momentos de vida, suspiros y experiencias compartidas. A trav\u00e9s de estas im\u00e1genes, se revela la belleza de un sector tan ancestral como esencial, donde profesionales de la escena se congregan en un evento tan emblem\u00e1tico como lo es la tierra que inspir\u00f3 a Don Quijote a so\u00f1ar ser otro.\n\nCada fotograf\u00eda es una ventana a historias contadas sin palabras, a emociones palpables y a la ef\u00edmera magia del teatro y la danza, donde cada acto, cada gesto, transmite un mensaje profundo sobre la existencia. \u2018Miradas Ef\u00edmeras\u2019 no es solo una exposici\u00f3n; es un viaje sensorial y emocional que celebra la capacidad de las artes esc\u00e9nicas de conmovernos, de transformarnos y de recordarnos la importancia de so\u00f1ar y de ser.\u00bb\n\nDirector Artistico de la Feria de Artes Escenicas y Musicales de Castilla La Mancha\n\nAntonio Campos\t\t\t\t\t\t\t\t<\/div>\n\t\t\t\t<\/div>\n\t\t\t\t<div class=\"elementor-element elementor-element-7046621 elementor-widget elementor-widget-text-editor\" data-id=\"7046621\" data-element_type=\"widget\" data-e-type=\"widget\" data-widget_type=\"text-editor.default\">\n\t\t\t\t<div class=\"elementor-widget-container\">\n\t\t\t\t\t\t\t\t\t<strong>Objetivo de la Exposici\u00f3n:<\/strong><br\/>\nLa exposici\u00f3n busca no solo mostrar la riqueza cultural y art\u00edstica de Castilla-La Mancha a trav\u00e9s de su feria, sino tambi\u00e9n destacar la conexi\u00f3n intr\u00ednseca entre el arte esc\u00e9nico y la humanidad. Invita a los espectadores a reflexionar sobre el impacto emocional y la trascendencia de las artes esc\u00e9nicas en nuestras vidas, celebrando el encuentro de profesionales que mantienen viva esta tradici\u00f3n milenaria.\n<br\/><br\/>\nTe invitamos a explorar &#8216;Miradas Ef\u00edmeras&#8217; y a dejarte llevar por la belleza ef\u00edmera de las artes esc\u00e9nicas, un reflejo de la capacidad del ser humano para so\u00f1ar, crear y conectar con los dem\u00e1s en niveles profundos e inesperados.\n<br\/><br\/>\nEsta presentaci\u00f3n ha sido dise\u00f1ada para atraer tanto a aficionados de las artes esc\u00e9nicas como a un p\u00fablico general, ofreciendo una experiencia conmovedora que resalta la importancia de la creatividad, la expresi\u00f3n y la conexi\u00f3n humana.\t\t\t\t\t\t\t\t<\/div>\n\t\t\t\t<\/div>\n\t\t\t\t<div class=\"elementor-element elementor-element-b38e4d8 elementor-widget elementor-widget-text-editor\" data-id=\"b38e4d8\" data-element_type=\"widget\" data-e-type=\"widget\" data-widget_type=\"text-editor.default\">\n\t\t\t\t<div class=\"elementor-widget-container\">\n\t\t\t\t\t\t\t\t\t<p><strong>Fecha:<\/strong> del 8 al 27 de Abril de 2024. <br\/><strong>Lugar:<\/strong> Sala de Exposiciones Casa Perona, Delegaci\u00f3n Provincial de la JCCM (Edificio Perona), Calle Feria 7-9, Albacete.<\/p>\t\t\t\t\t\t\t\t<\/div>\n\t\t\t\t<\/div>\n\t\t\t\t<div class=\"elementor-element elementor-element-186cae8 elementor-widget elementor-widget-google_maps\" data-id=\"186cae8\" data-element_type=\"widget\" data-e-type=\"widget\" data-widget_type=\"google_maps.default\">\n\t\t\t\t<div class=\"elementor-widget-container\">\n\t\t\t\t\t\t\t<div class=\"elementor-custom-embed\">\n\t\t\t<iframe loading=\"lazy\"\n\t\t\t\t\tsrc=\"https:\/\/maps.google.com\/maps?q=Calle%20Feria%207-9%2C%20Albacete&#038;t=m&#038;z=10&#038;output=embed&#038;iwloc=near\"\n\t\t\t\t\ttitle=\"Calle Feria 7-9, Albacete\"\n\t\t\t\t\taria-label=\"Calle Feria 7-9, Albacete\"\n\t\t\t><\/iframe>\n\t\t<\/div>\n\t\t\t\t\t\t<\/div>\n\t\t\t\t<\/div>\n\t\t\t\t\t<\/div>\n\t\t<\/div>\n\t\t\t\t\t<\/div>\n\t\t<\/section>\n\t\t\t\t<\/div>\n\t\t","protected":false},"excerpt":{"rendered":"<p>Descripci\u00f3n: ESCENARIOS EF\u00c9MEROS nos invita a sumergirnos en el coraz\u00f3n de la Feria de Artes Esc\u00e9nicas y musicales de Castilla-La Mancha a trav\u00e9s de una selecci\u00f3n cautivadora de fotograf\u00edas de [&hellip;]<\/p>\n","protected":false},"author":1,"featured_media":0,"parent":0,"menu_order":0,"comment_status":"closed","ping_status":"closed","template":"","meta":{"site-sidebar-layout":"default","site-content-layout":"","ast-site-content-layout":"default","site-content-style":"default","site-sidebar-style":"default","ast-global-header-display":"","ast-banner-title-visibility":"","ast-main-header-display":"","ast-hfb-above-header-display":"","ast-hfb-below-header-display":"","ast-hfb-mobile-header-display":"","site-post-title":"","ast-breadcrumbs-content":"","ast-featured-img":"","footer-sml-layout":"","ast-disable-related-posts":"","theme-transparent-header-meta":"","adv-header-id-meta":"","stick-header-meta":"","header-above-stick-meta":"","header-main-stick-meta":"","header-below-stick-meta":"","astra-migrate-meta-layouts":"default","ast-page-background-enabled":"default","ast-page-background-meta":{"desktop":{"background-color":"var(--ast-global-color-5)","background-image":"","background-repeat":"repeat","background-position":"center center","background-size":"auto","background-attachment":"scroll","background-type":"","background-media":"","overlay-type":"","overlay-color":"","overlay-opacity":"","overlay-gradient":""},"tablet":{"background-color":"","background-image":"","background-repeat":"repeat","background-position":"center center","background-size":"auto","background-attachment":"scroll","background-type":"","background-media":"","overlay-type":"","overlay-color":"","overlay-opacity":"","overlay-gradient":""},"mobile":{"background-color":"","background-image":"","background-repeat":"repeat","background-position":"center center","background-size":"auto","background-attachment":"scroll","background-type":"","background-media":"","overlay-type":"","overlay-color":"","overlay-opacity":"","overlay-gradient":""}},"ast-content-background-meta":{"desktop":{"background-color":"var(--ast-global-color-4)","background-image":"","background-repeat":"repeat","background-position":"center center","background-size":"auto","background-attachment":"scroll","background-type":"","background-media":"","overlay-type":"","overlay-color":"","overlay-opacity":"","overlay-gradient":""},"tablet":{"background-color":"var(--ast-global-color-4)","background-image":"","background-repeat":"repeat","background-position":"center center","background-size":"auto","background-attachment":"scroll","background-type":"","background-media":"","overlay-type":"","overlay-color":"","overlay-opacity":"","overlay-gradient":""},"mobile":{"background-color":"var(--ast-global-color-4)","background-image":"","background-repeat":"repeat","background-position":"center center","background-size":"auto","background-attachment":"scroll","background-type":"","background-media":"","overlay-type":"","overlay-color":"","overlay-opacity":"","overlay-gradient":""}},"_EventAllDay":false,"_EventTimezone":"","_EventStartDate":"","_EventEndDate":"","_EventStartDateUTC":"","_EventEndDateUTC":"","_EventShowMap":false,"_EventShowMapLink":false,"_EventURL":"","_EventCost":"","_EventCostDescription":"","_EventCurrencySymbol":"","_EventCurrencyCode":"","_EventCurrencyPosition":"","_EventDateTimeSeparator":"","_EventTimeRangeSeparator":"","_EventOrganizerID":[],"_EventVenueID":[],"_OrganizerEmail":"","_OrganizerPhone":"","_OrganizerWebsite":"","_VenueAddress":"","_VenueCity":"","_VenueCountry":"","_VenueProvince":"","_VenueState":"","_VenueZip":"","_VenuePhone":"","_VenueURL":"","_VenueStateProvince":"","_VenueLat":"","_VenueLng":"","_VenueShowMap":false,"_VenueShowMapLink":false,"footnotes":""},"class_list":["post-6053","page","type-page","status-publish","hentry"],"_links":{"self":[{"href":"https:\/\/faemclm.es\/feriaxxviii\/wp-json\/wp\/v2\/pages\/6053","targetHints":{"allow":["GET"]}}],"collection":[{"href":"https:\/\/faemclm.es\/feriaxxviii\/wp-json\/wp\/v2\/pages"}],"about":[{"href":"https:\/\/faemclm.es\/feriaxxviii\/wp-json\/wp\/v2\/types\/page"}],"author":[{"embeddable":true,"href":"https:\/\/faemclm.es\/feriaxxviii\/wp-json\/wp\/v2\/users\/1"}],"replies":[{"embeddable":true,"href":"https:\/\/faemclm.es\/feriaxxviii\/wp-json\/wp\/v2\/comments?post=6053"}],"version-history":[{"count":28,"href":"https:\/\/faemclm.es\/feriaxxviii\/wp-json\/wp\/v2\/pages\/6053\/revisions"}],"predecessor-version":[{"id":6086,"href":"https:\/\/faemclm.es\/feriaxxviii\/wp-json\/wp\/v2\/pages\/6053\/revisions\/6086"}],"wp:attachment":[{"href":"https:\/\/faemclm.es\/feriaxxviii\/wp-json\/wp\/v2\/media?parent=6053"}],"curies":[{"name":"wp","href":"https:\/\/api.w.org\/{rel}","templated":true}]}}